{"id":50276,"date":"2020-04-21T10:14:46","date_gmt":"2020-04-21T08:14:46","guid":{"rendered":"https:\/\/camera-austria.at\/?page_id=50276"},"modified":"2024-11-27T09:42:07","modified_gmt":"2024-11-27T08:42:07","slug":"points-of-sale","status":"publish","type":"page","link":"https:\/\/camera-austria.at\/en\/points-of-sale\/","title":{"rendered":"Points of Sale"},"content":{"rendered":"<p><strong>AUSTRIA<\/strong><\/p>\n<p><strong>Graz<br \/>\n<\/strong><a href=\"https:\/\/www.morawa-buch.at\/\">Buchhandlung Moser<\/a><br \/>\n<a href=\"https:\/\/www.buechersegler.at\/pages\/buchladen\/\">B\u00fcchersegler<\/a><br \/>\n<a href=\"https:\/\/bucherstube-schimunek-bucher-cds-dvds-schallplatten.business.site\/\">B\u00fccherstube<\/a><br \/>\n<a href=\"https:\/\/www.morawa-buch.at\/\">Morawa Center-West<\/a><br \/>\n<a href=\"https:\/\/www.morawa-buch.at\/\">Morawa Seiersberg<\/a><br \/>\n<a href=\"https:\/\/www.museum-joanneum.at\/en\/kunsthaus-graz\/your-visit\/shop\">Kunsthaus-Graz-Shop<\/a><\/p>\n<p><strong>Vienna<br \/>\n<\/strong><a href=\"https:\/\/www.wolf.at\/buchhandlung\/\">Buchhandlung Lia Wolf<\/a><br \/>\n<a href=\"https:\/\/www.buchhandlung-walther-koenig.de\/koenig2\/index.php?mode=content&amp;content=stores\">Buchhandlung Walther K\u00f6nig<\/a><br \/>\n<a href=\"http:\/\/www.westlicht.com\/westlicht\/en\/home\">Galerie Westlicht<\/a><br \/>\n<a href=\"https:\/\/kunsthallewien.at\/en\/\">Kunsthalle Wien<\/a><\/p>\n<p>More kiosks and shops in Graz, Innsbruck, Klagenfurt, Linz, Salzburg, St. P\u00f6lten, Vienna, and surroundings.<\/p>\n<p>&nbsp;<\/p>\n<p><strong>BELGIUM<\/strong><\/p>\n<p><strong>Antwerp<br \/>\n<\/strong><a href=\"http:\/\/www.imstijdschriften.be\/\">IMS International Magazine Store<\/a><br \/>\n<a href=\"http:\/\/www.imstijdschriften.be\/\">IMS Stadsfeestzaal<\/a><\/p>\n<p><strong>Brussels<br \/>\n<\/strong><a href=\"http:\/\/www.argosarts.org\/\">ARGOS\u00a0centre for audiovisual arts<\/a><br \/>\n<a href=\"http:\/\/www.wiels.org\/en\/bookshop\/\">WIELS \u2013 Contemporary Art Center<\/a><\/p>\n<p>&nbsp;<\/p>\n<p><strong>CHINA<\/strong><\/p>\n<p><strong>Hong Kong<br \/>\n<\/strong><a href=\"http:\/\/www.kubrick.com.hk\/\">Kubrick, Shop H2, Prosperous Garden<\/a><\/p>\n<p>&nbsp;<\/p>\n<p><strong>CZECH REPUBLIC<\/strong><\/p>\n<p><strong>Prague<\/strong><br \/>\n<a href=\"https:\/\/www.kavkabook.cz\/en\/\">K-A-V-K-A Book<\/a><br \/>\n<a href=\"https:\/\/pagefive.com\/cs\/\">Page Five<\/a><\/p>\n<p>&nbsp;<\/p>\n<p><strong>GERMANY<\/strong><\/p>\n<p><strong>Berlin<br \/>\n<\/strong><a href=\"https:\/\/bookspeopleplaces.com\/\">Books People Places<\/a><a href=\"https:\/\/doyoureadme.de\/\"><br \/>\n<\/a><a href=\"https:\/\/www.buchhandlung-walther-koenig.de\/koenig2\/index.php?mode=content&amp;content=stores\">Buchhandlung Walther K\u00f6nig an der Museumsinsel<\/a><a href=\"https:\/\/doyoureadme.de\/\"><br \/>\n<\/a><a href=\"https:\/\/www.buecherbogen.com\/\">B\u00fccherbogen am Savignyplatz<\/a><a href=\"https:\/\/doyoureadme.de\/\"><br \/>\n<\/a><a href=\"https:\/\/www.co-berlin.org\/en\/bookshop\">c\/o Berlin Foundation im Amerika Haus<\/a><a href=\"https:\/\/doyoureadme.de\/\"><br \/>\n<\/a><a href=\"https:\/\/doyoureadme.de\/\">do you read me?!<\/a><br \/>\n<a href=\"https:\/\/www.berlinerfestspiele.de\/en\/gropiusbau\/start.html\">Gropius-Bau<\/a><br \/>\n<a href=\"https:\/\/www.smb.museum\/en\/museums-institutions\/hamburger-bahnhof\/home.html\">Hamburger Bahnhof Museum f\u00fcr Gegenwart<\/a><br \/>\n<a href=\"https:\/\/www.kisch-online.de\/\">Kisch &amp; Co<\/a><br \/>\n<a href=\"https:\/\/www.smb.museum\/en\/museums-institutions\/museum-fuer-fotografie\/home.html\">Museum f\u00fcr Fotografie \/ Helmut Newton Stiftung<\/a><br \/>\n<a href=\"https:\/\/www.pro-qm.de\/\">Pro qm<\/a><\/p>\n<p><strong>Cologne<br \/>\n<\/strong><a href=\"https:\/\/www.buchhandlung-walther-koenig.de\/koenig2\/index.php?mode=content&amp;content=stores\">Buchhandlung Walther K\u00f6nig<\/a><br \/>\n<a href=\"https:\/\/www.museum-ludwig.de\/en.html\">Museum Ludwig<\/a><\/p>\n<p><strong>Erfurt<\/strong><br \/>\n<a href=\"https:\/\/kunstmuseen.erfurt.de\/km\/de\/kunsthalle\/index.html\">Kunsthalle Erfurt<\/a><\/p>\n<p><strong>Leipzig<br \/>\n<\/strong><a href=\"http:\/\/www.mzin.de\/\">Mzin bookstore and project space for visual culture<\/a><\/p>\n<p><strong>Munich<\/strong><br \/>\n<a href=\"http:\/\/www.buchhandlung-werner.de\/\">Buchhandlung L. Werner<\/a><\/p>\n<p><strong>Nuremberg<\/strong><br \/>\n<a href=\"https:\/\/www.nmn.de\/en\/home-1.htm\">Neues Museum<\/a><\/p>\n<p><strong>Stuttgart<\/strong><br \/>\n<a href=\"https:\/\/www.kunstmuseum-stuttgart.de\/index.php?site=Home\">Kunstmuseum Stuttgart<\/a><\/p>\n<p>Kiosks at train stations and airports throughout Germany.<\/p>\n<p>&nbsp;<\/p>\n<p><strong>FRANCE<\/strong><\/p>\n<p><strong>Paris<\/strong><br \/>\n<a href=\"http:\/\/www.jeudepaume.org\/\">Librairie Jeu de Paume<\/a><\/p>\n<p>&nbsp;<\/p>\n<p><strong>GREAT BRITAIN<\/strong><\/p>\n<p><strong>London<br \/>\n<\/strong><a href=\"https:\/\/www.charlottestreetnews.co.uk\/?fbclid=IwAR3qlsz_0UQO1Nj72VB12_BImkUs_r8hBvmPIO-bMDIg2K0L-SPvVtokKkE\">Charlotte Street News<\/a><strong><br \/>\n<\/strong><a href=\"http:\/\/magazineheaven.com\/\">Magazine Heaven<\/a><strong><br \/>\n<\/strong><a href=\"https:\/\/magculture.com\/\">MagCulture<\/a><br \/>\n<a href=\"https:\/\/www.buchhandlung-walther-koenig.de\/koenig2\/index.php?mode=content&amp;content=stores\">Walther K\u00f6nig\u00a0<\/a><a href=\"https:\/\/www.buchhandlung-walther-koenig.de\/koenig2\/index.php?mode=content&amp;content=stores\">Books<\/a><\/p>\n<p><strong><br \/>\nITALY<\/strong><\/p>\n<p><strong>Mailand<\/strong><br \/>\n<a href=\"http:\/\/www.micamera.com\/\">Micamera<\/a><br \/>\n<a href=\"http:\/\/www.readingroom.it\/\">Reading Room<\/a><\/p>\n<p><strong>Rom<\/strong><br \/>\n<a href=\"https:\/\/leporello-books.com\/\">Leporello<\/a><br \/>\n<a href=\"http:\/\/www.oneroombooks.com\/\">OneRoom<\/a><\/p>\n<p><strong>Turin<\/strong><br \/>\n<a href=\"http:\/\/camera.to\/\">Camera \u2013 Centro Italiano per la Fotografia<\/a><\/p>\n<p>&nbsp;<\/p>\n<p><strong>JAPAN<\/strong><\/p>\n<p><strong>Tokyo<\/strong><br \/>\n<a href=\"https:\/\/pg-web.net\/\">Photographers\u2019 Gallery<\/a><\/p>\n<p>&nbsp;<\/p>\n<p><strong>NETHERLANDS<\/strong><\/p>\n<p><strong>Amsterdam<\/strong><br \/>\n<a href=\"http:\/\/www.athenaeum.nl\/\">Aethenaeum Boekhandel<\/a><\/p>\n<p>&nbsp;<\/p>\n<p><strong>SWITZERLAND<\/strong><\/p>\n<p><strong>Lausanne<\/strong><br \/>\n<a href=\"http:\/\/www.elysee.ch\/\">Librairie du Mus\u00e9e de l\u2019Elys\u00e9e<\/a><\/p>\n<p><strong>Winterthur<\/strong><br \/>\n<a href=\"http:\/\/www.fotomuseum.ch\/\">Fotomuseum Winterthur<\/a><\/p>\n<p><strong>Zurich<\/strong><br \/>\n<a href=\"https:\/\/www.materialismus.ch\/\">Material \u2013 Raum f\u00fcr Buchkultur<\/a><\/p>\n<p>&nbsp;<\/p>\n<p><strong>TAIWAN<\/strong><\/p>\n<p><strong>Taipeh<\/strong><br \/>\n<a href=\"http:\/\/www.multi-arts.com.tw\/index.php\">Multi-Arts Corporation<\/a><\/p>\n<p>&nbsp;<\/p>\n<p><strong>USA<\/strong><\/p>\n<p><strong>New York<\/strong><br \/>\n<a href=\"http:\/\/www.artbook.com\/artbookps1.html\">Artbook @ Moma PS1<\/a><br \/>\n<a href=\"https:\/\/www.iconicmagazines.com\/\">Iconic Magazines<\/a><\/p>\n<p><strong>Oakland<\/strong><br \/>\n<a href=\"http:\/\/www.issuesshop.com\/\">Issues Shop<\/a><\/p>\n","protected":false},"excerpt":{"rendered":"<p>AUSTRIA Graz Buchhandlung Moser B\u00fcchersegler B\u00fccherstube Morawa Center-West Morawa Seiersberg Kunsthaus-Graz-Shop Vienna Buchhandlung Lia Wolf Buchhandlung Walther K\u00f6nig Galerie Westlicht Kunsthalle Wien More kiosks and shops in Graz, Innsbruck, Klagenfurt, Linz, Salzburg, St. P\u00f6lten, Vienna, and surroundings. &nbsp; BELGIUM Antwerp IMS International Magazine Store IMS Stadsfeestzaal Brussels ARGOS\u00a0centre for audiovisual arts WIELS \u2013 Contemporary Art [&hellip;]<\/p>\n","protected":false},"author":2,"featured_media":0,"parent":0,"menu_order":0,"comment_status":"closed","ping_status":"closed","template":"","meta":{"_acf_changed":false,"footnotes":""},"class_list":["post-50276","page","type-page","status-publish","hentry"],"acf":[],"yoast_head":"<!-- This site is optimized with the Yoast SEO plugin v26.6 - https:\/\/yoast.com\/wordpress\/plugins\/seo\/ -->\n<title>Points of Sale - Camera Austria<\/title>\n<meta name=\"robots\" content=\"index, follow, max-snippet:-1, max-image-preview:large, max-video-preview:-1\" \/>\n<link rel=\"canonical\" href=\"https:\/\/camera-austria.at\/en\/points-of-sale\/\" \/>\n<meta property=\"og:locale\" content=\"en_US\" \/>\n<meta property=\"og:type\" content=\"article\" \/>\n<meta property=\"og:title\" content=\"Points of Sale - Camera Austria\" \/>\n<meta property=\"og:description\" content=\"AUSTRIA Graz Buchhandlung Moser B\u00fcchersegler B\u00fccherstube Morawa Center-West Morawa Seiersberg Kunsthaus-Graz-Shop Vienna Buchhandlung Lia Wolf Buchhandlung Walther K\u00f6nig Galerie Westlicht Kunsthalle Wien More kiosks and shops in Graz, Innsbruck, Klagenfurt, Linz, Salzburg, St. P\u00f6lten, Vienna, and surroundings. &nbsp; BELGIUM Antwerp IMS International Magazine Store IMS Stadsfeestzaal Brussels ARGOS\u00a0centre for audiovisual arts WIELS \u2013 Contemporary Art [&hellip;]\" \/>\n<meta property=\"og:url\" content=\"https:\/\/camera-austria.at\/en\/points-of-sale\/\" \/>\n<meta property=\"og:site_name\" content=\"Camera Austria\" \/>\n<meta property=\"article:publisher\" content=\"https:\/\/www.facebook.com\/Camera.Austria\" \/>\n<meta property=\"article:modified_time\" content=\"2024-11-27T08:42:07+00:00\" \/>\n<meta property=\"og:image\" content=\"https:\/\/camera-austria.at\/wp-content\/uploads\/2012\/11\/ca_ueber-uns_aussenansicht_spiluttini.jpg\" \/>\n\t<meta property=\"og:image:width\" content=\"629\" \/>\n\t<meta property=\"og:image:height\" content=\"491\" \/>\n\t<meta property=\"og:image:type\" content=\"image\/jpeg\" \/>\n<meta name=\"twitter:card\" content=\"summary_large_image\" \/>\n<meta name=\"twitter:label1\" content=\"Est. reading time\" \/>\n\t<meta name=\"twitter:data1\" content=\"1 minute\" \/>\n<script type=\"application\/ld+json\" class=\"yoast-schema-graph\">{\"@context\":\"https:\/\/schema.org\",\"@graph\":[{\"@type\":\"WebPage\",\"@id\":\"https:\/\/camera-austria.at\/en\/points-of-sale\/\",\"url\":\"https:\/\/camera-austria.at\/en\/points-of-sale\/\",\"name\":\"Points of Sale - Camera Austria\",\"isPartOf\":{\"@id\":\"https:\/\/camera-austria.at\/en\/#website\"},\"datePublished\":\"2020-04-21T08:14:46+00:00\",\"dateModified\":\"2024-11-27T08:42:07+00:00\",\"breadcrumb\":{\"@id\":\"https:\/\/camera-austria.at\/en\/points-of-sale\/#breadcrumb\"},\"inLanguage\":\"en-US\",\"potentialAction\":[{\"@type\":\"ReadAction\",\"target\":[\"https:\/\/camera-austria.at\/en\/points-of-sale\/\"]}]},{\"@type\":\"BreadcrumbList\",\"@id\":\"https:\/\/camera-austria.at\/en\/points-of-sale\/#breadcrumb\",\"itemListElement\":[{\"@type\":\"ListItem\",\"position\":1,\"name\":\"Home\",\"item\":\"https:\/\/camera-austria.at\/en\/\"},{\"@type\":\"ListItem\",\"position\":2,\"name\":\"Points of Sale\"}]},{\"@type\":\"WebSite\",\"@id\":\"https:\/\/camera-austria.at\/en\/#website\",\"url\":\"https:\/\/camera-austria.at\/en\/\",\"name\":\"Camera Austria\",\"description\":\"\",\"publisher\":{\"@id\":\"https:\/\/camera-austria.at\/en\/#organization\"},\"potentialAction\":[{\"@type\":\"SearchAction\",\"target\":{\"@type\":\"EntryPoint\",\"urlTemplate\":\"https:\/\/camera-austria.at\/en\/?s={search_term_string}\"},\"query-input\":{\"@type\":\"PropertyValueSpecification\",\"valueRequired\":true,\"valueName\":\"search_term_string\"}}],\"inLanguage\":\"en-US\"},{\"@type\":\"Organization\",\"@id\":\"https:\/\/camera-austria.at\/en\/#organization\",\"name\":\"Camera Austria\",\"url\":\"https:\/\/camera-austria.at\/en\/\",\"logo\":{\"@type\":\"ImageObject\",\"inLanguage\":\"en-US\",\"@id\":\"https:\/\/camera-austria.at\/en\/#\/schema\/logo\/image\/\",\"url\":\"https:\/\/camera-austria.at\/wp-content\/uploads\/2022\/02\/logo.png\",\"contentUrl\":\"https:\/\/camera-austria.at\/wp-content\/uploads\/2022\/02\/logo.png\",\"width\":399,\"height\":59,\"caption\":\"Camera Austria\"},\"image\":{\"@id\":\"https:\/\/camera-austria.at\/en\/#\/schema\/logo\/image\/\"},\"sameAs\":[\"https:\/\/www.facebook.com\/Camera.Austria\",\"https:\/\/www.instagram.com\/cameraaustriagraz\/\"]}]}<\/script>\n<!-- \/ Yoast SEO plugin. -->","yoast_head_json":{"title":"Points of Sale - Camera Austria","robots":{"index":"index","follow":"follow","max-snippet":"max-snippet:-1","max-image-preview":"max-image-preview:large","max-video-preview":"max-video-preview:-1"},"canonical":"https:\/\/camera-austria.at\/en\/points-of-sale\/","og_locale":"en_US","og_type":"article","og_title":"Points of Sale - Camera Austria","og_description":"AUSTRIA Graz Buchhandlung Moser B\u00fcchersegler B\u00fccherstube Morawa Center-West Morawa Seiersberg Kunsthaus-Graz-Shop Vienna Buchhandlung Lia Wolf Buchhandlung Walther K\u00f6nig Galerie Westlicht Kunsthalle Wien More kiosks and shops in Graz, Innsbruck, Klagenfurt, Linz, Salzburg, St. P\u00f6lten, Vienna, and surroundings. &nbsp; BELGIUM Antwerp IMS International Magazine Store IMS Stadsfeestzaal Brussels ARGOS\u00a0centre for audiovisual arts WIELS \u2013 Contemporary Art [&hellip;]","og_url":"https:\/\/camera-austria.at\/en\/points-of-sale\/","og_site_name":"Camera Austria","article_publisher":"https:\/\/www.facebook.com\/Camera.Austria","article_modified_time":"2024-11-27T08:42:07+00:00","og_image":[{"width":629,"height":491,"url":"https:\/\/camera-austria.at\/wp-content\/uploads\/2012\/11\/ca_ueber-uns_aussenansicht_spiluttini.jpg","type":"image\/jpeg"}],"twitter_card":"summary_large_image","twitter_misc":{"Est. reading time":"1 minute"},"schema":{"@context":"https:\/\/schema.org","@graph":[{"@type":"WebPage","@id":"https:\/\/camera-austria.at\/en\/points-of-sale\/","url":"https:\/\/camera-austria.at\/en\/points-of-sale\/","name":"Points of Sale - Camera Austria","isPartOf":{"@id":"https:\/\/camera-austria.at\/en\/#website"},"datePublished":"2020-04-21T08:14:46+00:00","dateModified":"2024-11-27T08:42:07+00:00","breadcrumb":{"@id":"https:\/\/camera-austria.at\/en\/points-of-sale\/#breadcrumb"},"inLanguage":"en-US","potentialAction":[{"@type":"ReadAction","target":["https:\/\/camera-austria.at\/en\/points-of-sale\/"]}]},{"@type":"BreadcrumbList","@id":"https:\/\/camera-austria.at\/en\/points-of-sale\/#breadcrumb","itemListElement":[{"@type":"ListItem","position":1,"name":"Home","item":"https:\/\/camera-austria.at\/en\/"},{"@type":"ListItem","position":2,"name":"Points of Sale"}]},{"@type":"WebSite","@id":"https:\/\/camera-austria.at\/en\/#website","url":"https:\/\/camera-austria.at\/en\/","name":"Camera Austria","description":"","publisher":{"@id":"https:\/\/camera-austria.at\/en\/#organization"},"potentialAction":[{"@type":"SearchAction","target":{"@type":"EntryPoint","urlTemplate":"https:\/\/camera-austria.at\/en\/?s={search_term_string}"},"query-input":{"@type":"PropertyValueSpecification","valueRequired":true,"valueName":"search_term_string"}}],"inLanguage":"en-US"},{"@type":"Organization","@id":"https:\/\/camera-austria.at\/en\/#organization","name":"Camera Austria","url":"https:\/\/camera-austria.at\/en\/","logo":{"@type":"ImageObject","inLanguage":"en-US","@id":"https:\/\/camera-austria.at\/en\/#\/schema\/logo\/image\/","url":"https:\/\/camera-austria.at\/wp-content\/uploads\/2022\/02\/logo.png","contentUrl":"https:\/\/camera-austria.at\/wp-content\/uploads\/2022\/02\/logo.png","width":399,"height":59,"caption":"Camera Austria"},"image":{"@id":"https:\/\/camera-austria.at\/en\/#\/schema\/logo\/image\/"},"sameAs":["https:\/\/www.facebook.com\/Camera.Austria","https:\/\/www.instagram.com\/cameraaustriagraz\/"]}]}},"_links":{"self":[{"href":"https:\/\/camera-austria.at\/en\/wp-json\/wp\/v2\/pages\/50276","targetHints":{"allow":["GET"]}}],"collection":[{"href":"https:\/\/camera-austria.at\/en\/wp-json\/wp\/v2\/pages"}],"about":[{"href":"https:\/\/camera-austria.at\/en\/wp-json\/wp\/v2\/types\/page"}],"author":[{"embeddable":true,"href":"https:\/\/camera-austria.at\/en\/wp-json\/wp\/v2\/users\/2"}],"replies":[{"embeddable":true,"href":"https:\/\/camera-austria.at\/en\/wp-json\/wp\/v2\/comments?post=50276"}],"version-history":[{"count":3,"href":"https:\/\/camera-austria.at\/en\/wp-json\/wp\/v2\/pages\/50276\/revisions"}],"predecessor-version":[{"id":62776,"href":"https:\/\/camera-austria.at\/en\/wp-json\/wp\/v2\/pages\/50276\/revisions\/62776"}],"wp:attachment":[{"href":"https:\/\/camera-austria.at\/en\/wp-json\/wp\/v2\/media?parent=50276"}],"curies":[{"name":"wp","href":"https:\/\/api.w.org\/{rel}","templated":true}]}}