{"id":29177,"date":"2014-09-10T11:25:20","date_gmt":"2014-09-10T11:25:20","guid":{"rendered":"http:\/\/camera-austria.at\/shop\/archives-re-assemblances-and-surveys-2\/"},"modified":"2016-08-30T09:29:37","modified_gmt":"2016-08-30T07:29:37","slug":"archives-re-assemblances-and-surveys","status":"publish","type":"product","link":"https:\/\/camera-austria.at\/en\/product\/archives-re-assemblances-and-surveys\/","title":{"rendered":"Archives, Re-Assemblances, and Surveys"},"content":{"rendered":"","protected":false},"excerpt":{"rendered":"<p>Edition Camera Austria, Graz, 2014.<\/p>\n<p>deutsch\/englisch\/kroatisch \/ german\/english\/croatian<br \/>\n158 Seiten \/ 158 pages<br \/>\n28,5 cm x 22,5 cm<br \/>\nzahlreiche SW- und Farbabbildungen \/ b\/w and colour ilustrations<br \/>\nHardcover, Leinenbindung, Fadenheftung \/<br \/>\nhardcover, thread-stitching, cloth binding<\/p>\n<div class=\"span4 info-col\">\n<p>Katalog zur Ausstellung \u00bbArchives, Re-Assemblances and Surveys\u00ab\u00a0 \/\u00a0catalogue accompanying the exhibition \u00bbArchives, Re-Assemblances and Surveys\u00ab,\u00a0 mit einem Vorwort von Reinhard Braun sowie Texten von Maren L\u00fcbbke-Tidow und Sandra Kri\u017ei\u0107-Roban \/ with a preface by Reinhard Braun and texts by Maren L\u00fcbbke-Tidow and Sandra Kri\u017ei\u0107-Roban<\/p>\n<p>ISBN: 978-3-902911-10-0<\/p>\n<p>&nbsp;<\/p>\n<p>&nbsp;<\/p>\n<\/div>\n","protected":false},"featured_media":22125,"comment_status":"closed","ping_status":"closed","template":"","meta":{"_acf_changed":false},"product_brand":[],"product_cat":[52],"product_tag":[],"class_list":{"0":"post-29177","1":"product","2":"type-product","3":"status-publish","4":"has-post-thumbnail","6":"product_cat-book","8":"first","9":"instock","10":"taxable","11":"shipping-taxable","12":"purchasable","13":"product-type-simple"},"acf":[],"yoast_head":"<!-- This site is optimized with the Yoast SEO plugin v27.4 - https:\/\/yoast.com\/product\/yoast-seo-wordpress\/ -->\n<title>Archives, Re-Assemblances, and Surveys - Camera Austria<\/title>\n<meta name=\"robots\" content=\"index, follow, max-snippet:-1, max-image-preview:large, max-video-preview:-1\" \/>\n<link rel=\"canonical\" href=\"https:\/\/camera-austria.at\/en\/product\/archives-re-assemblances-and-surveys\/\" \/>\n<meta property=\"og:locale\" content=\"en_US\" \/>\n<meta property=\"og:type\" content=\"article\" \/>\n<meta property=\"og:title\" content=\"Archives, Re-Assemblances, and Surveys - Camera Austria\" \/>\n<meta property=\"og:description\" content=\"Edition Camera Austria, Graz, 2014.  deutsch\/englisch\/kroatisch \/ german\/english\/croatian 158 Seiten \/ 158 pages 28,5 cm x 22,5 cm zahlreiche SW- und Farbabbildungen \/ b\/w and colour ilustrations Hardcover, Leinenbindung, Fadenheftung \/ hardcover, thread-stitching, cloth binding   Katalog zur Ausstellung \u00bbArchives, Re-Assemblances and Surveys\u00ab\u00a0 \/\u00a0catalogue accompanying the exhibition \u00bbArchives, Re-Assemblances and Surveys\u00ab,\u00a0 mit einem Vorwort von Reinhard Braun sowie Texten von Maren L\u00fcbbke-Tidow und Sandra Kri\u017ei\u0107-Roban \/ with a preface by Reinhard Braun and texts by Maren L\u00fcbbke-Tidow and Sandra Kri\u017ei\u0107-Roban  ISBN: 978-3-902911-10-0  &nbsp;  &nbsp;\" \/>\n<meta property=\"og:url\" content=\"https:\/\/camera-austria.at\/en\/product\/archives-re-assemblances-and-surveys\/\" \/>\n<meta property=\"og:site_name\" content=\"Camera Austria\" \/>\n<meta property=\"article:publisher\" content=\"https:\/\/www.facebook.com\/Camera.Austria\" \/>\n<meta property=\"article:modified_time\" content=\"2016-08-30T07:29:37+00:00\" \/>\n<meta property=\"og:image\" content=\"https:\/\/camera-austria.at\/wp-content\/uploads\/2014\/09\/ca_buecher_zagreb_01.jpg\" \/>\n\t<meta property=\"og:image:width\" content=\"390\" \/>\n\t<meta property=\"og:image:height\" content=\"491\" \/>\n\t<meta property=\"og:image:type\" content=\"image\/jpeg\" \/>\n<meta name=\"twitter:card\" content=\"summary_large_image\" \/>\n<script type=\"application\/ld+json\" class=\"yoast-schema-graph\">{\"@context\":\"https:\\\/\\\/schema.org\",\"@graph\":[{\"@type\":\"WebPage\",\"@id\":\"https:\\\/\\\/camera-austria.at\\\/en\\\/product\\\/archives-re-assemblances-and-surveys\\\/\",\"url\":\"https:\\\/\\\/camera-austria.at\\\/en\\\/product\\\/archives-re-assemblances-and-surveys\\\/\",\"name\":\"Archives, Re-Assemblances, and Surveys - Camera Austria\",\"isPartOf\":{\"@id\":\"https:\\\/\\\/camera-austria.at\\\/en\\\/#website\"},\"primaryImageOfPage\":{\"@id\":\"https:\\\/\\\/camera-austria.at\\\/en\\\/product\\\/archives-re-assemblances-and-surveys\\\/#primaryimage\"},\"image\":{\"@id\":\"https:\\\/\\\/camera-austria.at\\\/en\\\/product\\\/archives-re-assemblances-and-surveys\\\/#primaryimage\"},\"thumbnailUrl\":\"https:\\\/\\\/camera-austria.at\\\/wp-content\\\/uploads\\\/2014\\\/09\\\/ca_buecher_zagreb_01.jpg\",\"datePublished\":\"2014-09-10T11:25:20+00:00\",\"dateModified\":\"2016-08-30T07:29:37+00:00\",\"breadcrumb\":{\"@id\":\"https:\\\/\\\/camera-austria.at\\\/en\\\/product\\\/archives-re-assemblances-and-surveys\\\/#breadcrumb\"},\"inLanguage\":\"en-US\",\"potentialAction\":[{\"@type\":\"ReadAction\",\"target\":[\"https:\\\/\\\/camera-austria.at\\\/en\\\/product\\\/archives-re-assemblances-and-surveys\\\/\"]}]},{\"@type\":\"ImageObject\",\"inLanguage\":\"en-US\",\"@id\":\"https:\\\/\\\/camera-austria.at\\\/en\\\/product\\\/archives-re-assemblances-and-surveys\\\/#primaryimage\",\"url\":\"https:\\\/\\\/camera-austria.at\\\/wp-content\\\/uploads\\\/2014\\\/09\\\/ca_buecher_zagreb_01.jpg\",\"contentUrl\":\"https:\\\/\\\/camera-austria.at\\\/wp-content\\\/uploads\\\/2014\\\/09\\\/ca_buecher_zagreb_01.jpg\",\"width\":390,\"height\":491,\"caption\":\"Cover from Archives, Re-Assemblances, and Surveys .\"},{\"@type\":\"BreadcrumbList\",\"@id\":\"https:\\\/\\\/camera-austria.at\\\/en\\\/product\\\/archives-re-assemblances-and-surveys\\\/#breadcrumb\",\"itemListElement\":[{\"@type\":\"ListItem\",\"position\":1,\"name\":\"Home\",\"item\":\"https:\\\/\\\/camera-austria.at\\\/en\\\/\"},{\"@type\":\"ListItem\",\"position\":2,\"name\":\"Camera Austria Shop\",\"item\":\"https:\\\/\\\/camera-austria.at\\\/en\\\/shop\\\/\"},{\"@type\":\"ListItem\",\"position\":3,\"name\":\"Archives, Re-Assemblances, and Surveys\"}]},{\"@type\":\"WebSite\",\"@id\":\"https:\\\/\\\/camera-austria.at\\\/en\\\/#website\",\"url\":\"https:\\\/\\\/camera-austria.at\\\/en\\\/\",\"name\":\"Camera Austria\",\"description\":\"\",\"publisher\":{\"@id\":\"https:\\\/\\\/camera-austria.at\\\/en\\\/#organization\"},\"potentialAction\":[{\"@type\":\"SearchAction\",\"target\":{\"@type\":\"EntryPoint\",\"urlTemplate\":\"https:\\\/\\\/camera-austria.at\\\/en\\\/?s={search_term_string}\"},\"query-input\":{\"@type\":\"PropertyValueSpecification\",\"valueRequired\":true,\"valueName\":\"search_term_string\"}}],\"inLanguage\":\"en-US\"},{\"@type\":\"Organization\",\"@id\":\"https:\\\/\\\/camera-austria.at\\\/en\\\/#organization\",\"name\":\"Camera Austria\",\"url\":\"https:\\\/\\\/camera-austria.at\\\/en\\\/\",\"logo\":{\"@type\":\"ImageObject\",\"inLanguage\":\"en-US\",\"@id\":\"https:\\\/\\\/camera-austria.at\\\/en\\\/#\\\/schema\\\/logo\\\/image\\\/\",\"url\":\"https:\\\/\\\/camera-austria.at\\\/wp-content\\\/uploads\\\/2022\\\/02\\\/logo.png\",\"contentUrl\":\"https:\\\/\\\/camera-austria.at\\\/wp-content\\\/uploads\\\/2022\\\/02\\\/logo.png\",\"width\":399,\"height\":59,\"caption\":\"Camera Austria\"},\"image\":{\"@id\":\"https:\\\/\\\/camera-austria.at\\\/en\\\/#\\\/schema\\\/logo\\\/image\\\/\"},\"sameAs\":[\"https:\\\/\\\/www.facebook.com\\\/Camera.Austria\",\"https:\\\/\\\/www.instagram.com\\\/cameraaustriagraz\\\/\"]}]}<\/script>\n<!-- \/ Yoast SEO plugin. -->","yoast_head_json":{"title":"Archives, Re-Assemblances, and Surveys - Camera Austria","robots":{"index":"index","follow":"follow","max-snippet":"max-snippet:-1","max-image-preview":"max-image-preview:large","max-video-preview":"max-video-preview:-1"},"canonical":"https:\/\/camera-austria.at\/en\/product\/archives-re-assemblances-and-surveys\/","og_locale":"en_US","og_type":"article","og_title":"Archives, Re-Assemblances, and Surveys - Camera Austria","og_description":"Edition Camera Austria, Graz, 2014.  deutsch\/englisch\/kroatisch \/ german\/english\/croatian 158 Seiten \/ 158 pages 28,5 cm x 22,5 cm zahlreiche SW- und Farbabbildungen \/ b\/w and colour ilustrations Hardcover, Leinenbindung, Fadenheftung \/ hardcover, thread-stitching, cloth binding   Katalog zur Ausstellung \u00bbArchives, Re-Assemblances and Surveys\u00ab\u00a0 \/\u00a0catalogue accompanying the exhibition \u00bbArchives, Re-Assemblances and Surveys\u00ab,\u00a0 mit einem Vorwort von Reinhard Braun sowie Texten von Maren L\u00fcbbke-Tidow und Sandra Kri\u017ei\u0107-Roban \/ with a preface by Reinhard Braun and texts by Maren L\u00fcbbke-Tidow and Sandra Kri\u017ei\u0107-Roban  ISBN: 978-3-902911-10-0  &nbsp;  &nbsp;","og_url":"https:\/\/camera-austria.at\/en\/product\/archives-re-assemblances-and-surveys\/","og_site_name":"Camera Austria","article_publisher":"https:\/\/www.facebook.com\/Camera.Austria","article_modified_time":"2016-08-30T07:29:37+00:00","og_image":[{"width":390,"height":491,"url":"https:\/\/camera-austria.at\/wp-content\/uploads\/2014\/09\/ca_buecher_zagreb_01.jpg","type":"image\/jpeg"}],"twitter_card":"summary_large_image","schema":{"@context":"https:\/\/schema.org","@graph":[{"@type":"WebPage","@id":"https:\/\/camera-austria.at\/en\/product\/archives-re-assemblances-and-surveys\/","url":"https:\/\/camera-austria.at\/en\/product\/archives-re-assemblances-and-surveys\/","name":"Archives, Re-Assemblances, and Surveys - Camera Austria","isPartOf":{"@id":"https:\/\/camera-austria.at\/en\/#website"},"primaryImageOfPage":{"@id":"https:\/\/camera-austria.at\/en\/product\/archives-re-assemblances-and-surveys\/#primaryimage"},"image":{"@id":"https:\/\/camera-austria.at\/en\/product\/archives-re-assemblances-and-surveys\/#primaryimage"},"thumbnailUrl":"https:\/\/camera-austria.at\/wp-content\/uploads\/2014\/09\/ca_buecher_zagreb_01.jpg","datePublished":"2014-09-10T11:25:20+00:00","dateModified":"2016-08-30T07:29:37+00:00","breadcrumb":{"@id":"https:\/\/camera-austria.at\/en\/product\/archives-re-assemblances-and-surveys\/#breadcrumb"},"inLanguage":"en-US","potentialAction":[{"@type":"ReadAction","target":["https:\/\/camera-austria.at\/en\/product\/archives-re-assemblances-and-surveys\/"]}]},{"@type":"ImageObject","inLanguage":"en-US","@id":"https:\/\/camera-austria.at\/en\/product\/archives-re-assemblances-and-surveys\/#primaryimage","url":"https:\/\/camera-austria.at\/wp-content\/uploads\/2014\/09\/ca_buecher_zagreb_01.jpg","contentUrl":"https:\/\/camera-austria.at\/wp-content\/uploads\/2014\/09\/ca_buecher_zagreb_01.jpg","width":390,"height":491,"caption":"Cover from Archives, Re-Assemblances, and Surveys ."},{"@type":"BreadcrumbList","@id":"https:\/\/camera-austria.at\/en\/product\/archives-re-assemblances-and-surveys\/#breadcrumb","itemListElement":[{"@type":"ListItem","position":1,"name":"Home","item":"https:\/\/camera-austria.at\/en\/"},{"@type":"ListItem","position":2,"name":"Camera Austria Shop","item":"https:\/\/camera-austria.at\/en\/shop\/"},{"@type":"ListItem","position":3,"name":"Archives, Re-Assemblances, and Surveys"}]},{"@type":"WebSite","@id":"https:\/\/camera-austria.at\/en\/#website","url":"https:\/\/camera-austria.at\/en\/","name":"Camera Austria","description":"","publisher":{"@id":"https:\/\/camera-austria.at\/en\/#organization"},"potentialAction":[{"@type":"SearchAction","target":{"@type":"EntryPoint","urlTemplate":"https:\/\/camera-austria.at\/en\/?s={search_term_string}"},"query-input":{"@type":"PropertyValueSpecification","valueRequired":true,"valueName":"search_term_string"}}],"inLanguage":"en-US"},{"@type":"Organization","@id":"https:\/\/camera-austria.at\/en\/#organization","name":"Camera Austria","url":"https:\/\/camera-austria.at\/en\/","logo":{"@type":"ImageObject","inLanguage":"en-US","@id":"https:\/\/camera-austria.at\/en\/#\/schema\/logo\/image\/","url":"https:\/\/camera-austria.at\/wp-content\/uploads\/2022\/02\/logo.png","contentUrl":"https:\/\/camera-austria.at\/wp-content\/uploads\/2022\/02\/logo.png","width":399,"height":59,"caption":"Camera Austria"},"image":{"@id":"https:\/\/camera-austria.at\/en\/#\/schema\/logo\/image\/"},"sameAs":["https:\/\/www.facebook.com\/Camera.Austria","https:\/\/www.instagram.com\/cameraaustriagraz\/"]}]}},"_links":{"self":[{"href":"https:\/\/camera-austria.at\/en\/wp-json\/wp\/v2\/product\/29177","targetHints":{"allow":["GET"]}}],"collection":[{"href":"https:\/\/camera-austria.at\/en\/wp-json\/wp\/v2\/product"}],"about":[{"href":"https:\/\/camera-austria.at\/en\/wp-json\/wp\/v2\/types\/product"}],"replies":[{"embeddable":true,"href":"https:\/\/camera-austria.at\/en\/wp-json\/wp\/v2\/comments?post=29177"}],"wp:featuredmedia":[{"embeddable":true,"href":"https:\/\/camera-austria.at\/en\/wp-json\/wp\/v2\/media\/22125"}],"wp:attachment":[{"href":"https:\/\/camera-austria.at\/en\/wp-json\/wp\/v2\/media?parent=29177"}],"wp:term":[{"taxonomy":"product_brand","embeddable":true,"href":"https:\/\/camera-austria.at\/en\/wp-json\/wp\/v2\/product_brand?post=29177"},{"taxonomy":"product_cat","embeddable":true,"href":"https:\/\/camera-austria.at\/en\/wp-json\/wp\/v2\/product_cat?post=29177"},{"taxonomy":"product_tag","embeddable":true,"href":"https:\/\/camera-austria.at\/en\/wp-json\/wp\/v2\/product_tag?post=29177"}],"curies":[{"name":"wp","href":"https:\/\/api.w.org\/{rel}","templated":true}]}}