{"id":29993,"date":"1982-12-13T15:07:44","date_gmt":"1982-12-13T14:07:44","guid":{"rendered":"http:\/\/camera-austria.at\/shop\/10-1982-2\/"},"modified":"1982-12-13T15:07:44","modified_gmt":"1982-12-13T14:07:44","slug":"10-1982","status":"publish","type":"product","link":"https:\/\/camera-austria.at\/en\/product\/10-1982\/","title":{"rendered":"10 | 1982"},"content":{"rendered":"","protected":false},"excerpt":{"rendered":"<p>BENJAMIN H. BUCHLOH<br \/>\nROSALIND E. KRAUSS<br \/>\nL. FRITZ GRUBER<br \/>\nFRANK HEIDTMANN<br \/>\nKLAUS HONNEF<br \/>\nVITTORIO FAGONE<br \/>\nLOTHAR BECKEL<br \/>\nA. D. COLEMAN<br \/>\nGOTTFRIED J\u00c4GER<br \/>\nFLORIS M. NEUS\u00dcSS<br \/>\nMANFRED WILLMANN<br \/>\nKARIN JAHODA<br \/>\nPETER WEIERMAIR<br \/>\nVIL\u00c9M FLUSSER<br \/>\nGEORG F. SCHWARZBAUER<br \/>\nWOLFGANG KEMP<br \/>\nANDREAS M\u00dcLLER-POHLE<br \/>\nDOUGLAS CRIMP<br \/>\nMARTHA ROSLER<br \/>\nVICTOR BURGIN<br \/>\nROSETTA BROOKS<br \/>\nROLF H. KRAUSS<br \/>\nMANFRED SCHMALRIEDE<\/p>\n","protected":false},"featured_media":27510,"comment_status":"closed","ping_status":"closed","template":"","meta":{"_acf_changed":false},"product_brand":[],"product_cat":[51],"product_tag":[],"class_list":{"0":"post-29993","1":"product","2":"type-product","3":"status-publish","4":"has-post-thumbnail","6":"product_cat-magazine","8":"first","9":"outofstock","10":"taxable","11":"shipping-taxable","12":"product-type-simple"},"acf":[],"yoast_head":"<!-- This site is optimized with the Yoast SEO plugin v26.6 - https:\/\/yoast.com\/wordpress\/plugins\/seo\/ -->\n<title>10 | 1982 - Camera Austria<\/title>\n<meta name=\"robots\" content=\"index, follow, max-snippet:-1, max-image-preview:large, max-video-preview:-1\" \/>\n<link rel=\"canonical\" href=\"https:\/\/camera-austria.at\/en\/product\/10-1982\/\" \/>\n<meta property=\"og:locale\" content=\"en_US\" \/>\n<meta property=\"og:type\" content=\"article\" \/>\n<meta property=\"og:title\" content=\"10 | 1982 - Camera Austria\" \/>\n<meta property=\"og:description\" content=\"BENJAMIN H. BUCHLOH ROSALIND E. KRAUSS L. FRITZ GRUBER FRANK HEIDTMANN KLAUS HONNEF VITTORIO FAGONE LOTHAR BECKEL A. D. COLEMAN GOTTFRIED J\u00c4GER FLORIS M. NEUS\u00dcSS MANFRED WILLMANN KARIN JAHODA PETER WEIERMAIR VIL\u00c9M FLUSSER GEORG F. SCHWARZBAUER WOLFGANG KEMP ANDREAS M\u00dcLLER-POHLE DOUGLAS CRIMP MARTHA ROSLER VICTOR BURGIN ROSETTA BROOKS ROLF H. KRAUSS MANFRED SCHMALRIEDE\" \/>\n<meta property=\"og:url\" content=\"https:\/\/camera-austria.at\/en\/product\/10-1982\/\" \/>\n<meta property=\"og:site_name\" content=\"Camera Austria\" \/>\n<meta property=\"article:publisher\" content=\"https:\/\/www.facebook.com\/Camera.Austria\" \/>\n<meta property=\"og:image\" content=\"https:\/\/camera-austria.at\/wp-content\/uploads\/1982\/12\/ca_zeitschrift_cover_10.jpg\" \/>\n\t<meta property=\"og:image:width\" content=\"344\" \/>\n\t<meta property=\"og:image:height\" content=\"491\" \/>\n\t<meta property=\"og:image:type\" content=\"image\/jpeg\" \/>\n<meta name=\"twitter:card\" content=\"summary_large_image\" \/>\n<script type=\"application\/ld+json\" class=\"yoast-schema-graph\">{\"@context\":\"https:\/\/schema.org\",\"@graph\":[{\"@type\":\"WebPage\",\"@id\":\"https:\/\/camera-austria.at\/en\/product\/10-1982\/\",\"url\":\"https:\/\/camera-austria.at\/en\/product\/10-1982\/\",\"name\":\"10 | 1982 - Camera Austria\",\"isPartOf\":{\"@id\":\"https:\/\/camera-austria.at\/en\/#website\"},\"primaryImageOfPage\":{\"@id\":\"https:\/\/camera-austria.at\/en\/product\/10-1982\/#primaryimage\"},\"image\":{\"@id\":\"https:\/\/camera-austria.at\/en\/product\/10-1982\/#primaryimage\"},\"thumbnailUrl\":\"https:\/\/camera-austria.at\/wp-content\/uploads\/1982\/12\/ca_zeitschrift_cover_10.jpg\",\"datePublished\":\"1982-12-13T14:07:44+00:00\",\"breadcrumb\":{\"@id\":\"https:\/\/camera-austria.at\/en\/product\/10-1982\/#breadcrumb\"},\"inLanguage\":\"en-US\",\"potentialAction\":[{\"@type\":\"ReadAction\",\"target\":[\"https:\/\/camera-austria.at\/en\/product\/10-1982\/\"]}]},{\"@type\":\"ImageObject\",\"inLanguage\":\"en-US\",\"@id\":\"https:\/\/camera-austria.at\/en\/product\/10-1982\/#primaryimage\",\"url\":\"https:\/\/camera-austria.at\/wp-content\/uploads\/1982\/12\/ca_zeitschrift_cover_10.jpg\",\"contentUrl\":\"https:\/\/camera-austria.at\/wp-content\/uploads\/1982\/12\/ca_zeitschrift_cover_10.jpg\",\"width\":344,\"height\":491},{\"@type\":\"BreadcrumbList\",\"@id\":\"https:\/\/camera-austria.at\/en\/product\/10-1982\/#breadcrumb\",\"itemListElement\":[{\"@type\":\"ListItem\",\"position\":1,\"name\":\"Home\",\"item\":\"https:\/\/camera-austria.at\/en\/\"},{\"@type\":\"ListItem\",\"position\":2,\"name\":\"Camera Austria Shop\",\"item\":\"https:\/\/camera-austria.at\/en\/shop\/\"},{\"@type\":\"ListItem\",\"position\":3,\"name\":\"10 | 1982\"}]},{\"@type\":\"WebSite\",\"@id\":\"https:\/\/camera-austria.at\/en\/#website\",\"url\":\"https:\/\/camera-austria.at\/en\/\",\"name\":\"Camera Austria\",\"description\":\"\",\"publisher\":{\"@id\":\"https:\/\/camera-austria.at\/en\/#organization\"},\"potentialAction\":[{\"@type\":\"SearchAction\",\"target\":{\"@type\":\"EntryPoint\",\"urlTemplate\":\"https:\/\/camera-austria.at\/en\/?s={search_term_string}\"},\"query-input\":{\"@type\":\"PropertyValueSpecification\",\"valueRequired\":true,\"valueName\":\"search_term_string\"}}],\"inLanguage\":\"en-US\"},{\"@type\":\"Organization\",\"@id\":\"https:\/\/camera-austria.at\/en\/#organization\",\"name\":\"Camera Austria\",\"url\":\"https:\/\/camera-austria.at\/en\/\",\"logo\":{\"@type\":\"ImageObject\",\"inLanguage\":\"en-US\",\"@id\":\"https:\/\/camera-austria.at\/en\/#\/schema\/logo\/image\/\",\"url\":\"https:\/\/camera-austria.at\/wp-content\/uploads\/2022\/02\/logo.png\",\"contentUrl\":\"https:\/\/camera-austria.at\/wp-content\/uploads\/2022\/02\/logo.png\",\"width\":399,\"height\":59,\"caption\":\"Camera Austria\"},\"image\":{\"@id\":\"https:\/\/camera-austria.at\/en\/#\/schema\/logo\/image\/\"},\"sameAs\":[\"https:\/\/www.facebook.com\/Camera.Austria\",\"https:\/\/www.instagram.com\/cameraaustriagraz\/\"]}]}<\/script>\n<!-- \/ Yoast SEO plugin. -->","yoast_head_json":{"title":"10 | 1982 - Camera Austria","robots":{"index":"index","follow":"follow","max-snippet":"max-snippet:-1","max-image-preview":"max-image-preview:large","max-video-preview":"max-video-preview:-1"},"canonical":"https:\/\/camera-austria.at\/en\/product\/10-1982\/","og_locale":"en_US","og_type":"article","og_title":"10 | 1982 - Camera Austria","og_description":"BENJAMIN H. BUCHLOH ROSALIND E. KRAUSS L. FRITZ GRUBER FRANK HEIDTMANN KLAUS HONNEF VITTORIO FAGONE LOTHAR BECKEL A. D. COLEMAN GOTTFRIED J\u00c4GER FLORIS M. NEUS\u00dcSS MANFRED WILLMANN KARIN JAHODA PETER WEIERMAIR VIL\u00c9M FLUSSER GEORG F. SCHWARZBAUER WOLFGANG KEMP ANDREAS M\u00dcLLER-POHLE DOUGLAS CRIMP MARTHA ROSLER VICTOR BURGIN ROSETTA BROOKS ROLF H. KRAUSS MANFRED SCHMALRIEDE","og_url":"https:\/\/camera-austria.at\/en\/product\/10-1982\/","og_site_name":"Camera Austria","article_publisher":"https:\/\/www.facebook.com\/Camera.Austria","og_image":[{"width":344,"height":491,"url":"https:\/\/camera-austria.at\/wp-content\/uploads\/1982\/12\/ca_zeitschrift_cover_10.jpg","type":"image\/jpeg"}],"twitter_card":"summary_large_image","schema":{"@context":"https:\/\/schema.org","@graph":[{"@type":"WebPage","@id":"https:\/\/camera-austria.at\/en\/product\/10-1982\/","url":"https:\/\/camera-austria.at\/en\/product\/10-1982\/","name":"10 | 1982 - Camera Austria","isPartOf":{"@id":"https:\/\/camera-austria.at\/en\/#website"},"primaryImageOfPage":{"@id":"https:\/\/camera-austria.at\/en\/product\/10-1982\/#primaryimage"},"image":{"@id":"https:\/\/camera-austria.at\/en\/product\/10-1982\/#primaryimage"},"thumbnailUrl":"https:\/\/camera-austria.at\/wp-content\/uploads\/1982\/12\/ca_zeitschrift_cover_10.jpg","datePublished":"1982-12-13T14:07:44+00:00","breadcrumb":{"@id":"https:\/\/camera-austria.at\/en\/product\/10-1982\/#breadcrumb"},"inLanguage":"en-US","potentialAction":[{"@type":"ReadAction","target":["https:\/\/camera-austria.at\/en\/product\/10-1982\/"]}]},{"@type":"ImageObject","inLanguage":"en-US","@id":"https:\/\/camera-austria.at\/en\/product\/10-1982\/#primaryimage","url":"https:\/\/camera-austria.at\/wp-content\/uploads\/1982\/12\/ca_zeitschrift_cover_10.jpg","contentUrl":"https:\/\/camera-austria.at\/wp-content\/uploads\/1982\/12\/ca_zeitschrift_cover_10.jpg","width":344,"height":491},{"@type":"BreadcrumbList","@id":"https:\/\/camera-austria.at\/en\/product\/10-1982\/#breadcrumb","itemListElement":[{"@type":"ListItem","position":1,"name":"Home","item":"https:\/\/camera-austria.at\/en\/"},{"@type":"ListItem","position":2,"name":"Camera Austria Shop","item":"https:\/\/camera-austria.at\/en\/shop\/"},{"@type":"ListItem","position":3,"name":"10 | 1982"}]},{"@type":"WebSite","@id":"https:\/\/camera-austria.at\/en\/#website","url":"https:\/\/camera-austria.at\/en\/","name":"Camera Austria","description":"","publisher":{"@id":"https:\/\/camera-austria.at\/en\/#organization"},"potentialAction":[{"@type":"SearchAction","target":{"@type":"EntryPoint","urlTemplate":"https:\/\/camera-austria.at\/en\/?s={search_term_string}"},"query-input":{"@type":"PropertyValueSpecification","valueRequired":true,"valueName":"search_term_string"}}],"inLanguage":"en-US"},{"@type":"Organization","@id":"https:\/\/camera-austria.at\/en\/#organization","name":"Camera Austria","url":"https:\/\/camera-austria.at\/en\/","logo":{"@type":"ImageObject","inLanguage":"en-US","@id":"https:\/\/camera-austria.at\/en\/#\/schema\/logo\/image\/","url":"https:\/\/camera-austria.at\/wp-content\/uploads\/2022\/02\/logo.png","contentUrl":"https:\/\/camera-austria.at\/wp-content\/uploads\/2022\/02\/logo.png","width":399,"height":59,"caption":"Camera Austria"},"image":{"@id":"https:\/\/camera-austria.at\/en\/#\/schema\/logo\/image\/"},"sameAs":["https:\/\/www.facebook.com\/Camera.Austria","https:\/\/www.instagram.com\/cameraaustriagraz\/"]}]}},"_links":{"self":[{"href":"https:\/\/camera-austria.at\/en\/wp-json\/wp\/v2\/product\/29993","targetHints":{"allow":["GET"]}}],"collection":[{"href":"https:\/\/camera-austria.at\/en\/wp-json\/wp\/v2\/product"}],"about":[{"href":"https:\/\/camera-austria.at\/en\/wp-json\/wp\/v2\/types\/product"}],"replies":[{"embeddable":true,"href":"https:\/\/camera-austria.at\/en\/wp-json\/wp\/v2\/comments?post=29993"}],"wp:featuredmedia":[{"embeddable":true,"href":"https:\/\/camera-austria.at\/en\/wp-json\/wp\/v2\/media\/27510"}],"wp:attachment":[{"href":"https:\/\/camera-austria.at\/en\/wp-json\/wp\/v2\/media?parent=29993"}],"wp:term":[{"taxonomy":"product_brand","embeddable":true,"href":"https:\/\/camera-austria.at\/en\/wp-json\/wp\/v2\/product_brand?post=29993"},{"taxonomy":"product_cat","embeddable":true,"href":"https:\/\/camera-austria.at\/en\/wp-json\/wp\/v2\/product_cat?post=29993"},{"taxonomy":"product_tag","embeddable":true,"href":"https:\/\/camera-austria.at\/en\/wp-json\/wp\/v2\/product_tag?post=29993"}],"curies":[{"name":"wp","href":"https:\/\/api.w.org\/{rel}","templated":true}]}}