{"id":43243,"date":"2018-06-12T09:10:13","date_gmt":"2018-06-12T07:10:13","guid":{"rendered":"http:\/\/camera-austria.at\/shop\/142-2018-2\/"},"modified":"2018-06-12T09:10:13","modified_gmt":"2018-06-12T07:10:13","slug":"142-2018","status":"publish","type":"product","link":"https:\/\/camera-austria.at\/en\/product\/142-2018\/","title":{"rendered":"142 | 2018"},"content":{"rendered":"","protected":false},"excerpt":{"rendered":"<p>OLGA CHERNYSHEVA<br \/>\nADAM SZYMCZYK<br \/>\nBERNADETTE MAYER<br \/>\nMATTHEW RANA<br \/>\nANDRZEJ STEINBACH<br \/>\nMAREN L\u00dcBBKE-TIDOW<br \/>\nSOPHIE THUN<br \/>\nORIT GAT<\/p>\n","protected":false},"featured_media":43242,"comment_status":"closed","ping_status":"closed","template":"","meta":{"_acf_changed":false},"product_brand":[],"product_cat":[51],"product_tag":[],"class_list":{"0":"post-43243","1":"product","2":"type-product","3":"status-publish","4":"has-post-thumbnail","6":"product_cat-magazine","8":"first","9":"instock","10":"taxable","11":"shipping-taxable","12":"purchasable","13":"product-type-simple"},"acf":[],"yoast_head":"<!-- This site is optimized with the Yoast SEO plugin v26.6 - https:\/\/yoast.com\/wordpress\/plugins\/seo\/ -->\n<title>142 | 2018 - Camera Austria<\/title>\n<meta name=\"robots\" content=\"index, follow, max-snippet:-1, max-image-preview:large, max-video-preview:-1\" \/>\n<link rel=\"canonical\" href=\"https:\/\/camera-austria.at\/en\/product\/142-2018\/\" \/>\n<meta property=\"og:locale\" content=\"en_US\" \/>\n<meta property=\"og:type\" content=\"article\" \/>\n<meta property=\"og:title\" content=\"142 | 2018 - Camera Austria\" \/>\n<meta property=\"og:description\" content=\"OLGA CHERNYSHEVA ADAM SZYMCZYK BERNADETTE MAYER MATTHEW RANA ANDRZEJ STEINBACH MAREN L\u00dcBBKE-TIDOW SOPHIE THUN ORIT GAT\" \/>\n<meta property=\"og:url\" content=\"https:\/\/camera-austria.at\/en\/product\/142-2018\/\" \/>\n<meta property=\"og:site_name\" content=\"Camera Austria\" \/>\n<meta property=\"article:publisher\" content=\"https:\/\/www.facebook.com\/Camera.Austria\" \/>\n<meta property=\"og:image\" content=\"https:\/\/camera-austria.at\/wp-content\/uploads\/2018\/06\/ca-zeitschrift-CA142-cover-491-1.jpg\" \/>\n\t<meta property=\"og:image:width\" content=\"347\" \/>\n\t<meta property=\"og:image:height\" content=\"491\" \/>\n\t<meta property=\"og:image:type\" content=\"image\/jpeg\" \/>\n<meta name=\"twitter:card\" content=\"summary_large_image\" \/>\n<script type=\"application\/ld+json\" class=\"yoast-schema-graph\">{\"@context\":\"https:\/\/schema.org\",\"@graph\":[{\"@type\":\"WebPage\",\"@id\":\"https:\/\/camera-austria.at\/en\/product\/142-2018\/\",\"url\":\"https:\/\/camera-austria.at\/en\/product\/142-2018\/\",\"name\":\"142 | 2018 - Camera Austria\",\"isPartOf\":{\"@id\":\"https:\/\/camera-austria.at\/en\/#website\"},\"primaryImageOfPage\":{\"@id\":\"https:\/\/camera-austria.at\/en\/product\/142-2018\/#primaryimage\"},\"image\":{\"@id\":\"https:\/\/camera-austria.at\/en\/product\/142-2018\/#primaryimage\"},\"thumbnailUrl\":\"https:\/\/camera-austria.at\/wp-content\/uploads\/2018\/06\/ca-zeitschrift-CA142-cover-491-1.jpg\",\"datePublished\":\"2018-06-12T07:10:13+00:00\",\"breadcrumb\":{\"@id\":\"https:\/\/camera-austria.at\/en\/product\/142-2018\/#breadcrumb\"},\"inLanguage\":\"en-US\",\"potentialAction\":[{\"@type\":\"ReadAction\",\"target\":[\"https:\/\/camera-austria.at\/en\/product\/142-2018\/\"]}]},{\"@type\":\"ImageObject\",\"inLanguage\":\"en-US\",\"@id\":\"https:\/\/camera-austria.at\/en\/product\/142-2018\/#primaryimage\",\"url\":\"https:\/\/camera-austria.at\/wp-content\/uploads\/2018\/06\/ca-zeitschrift-CA142-cover-491-1.jpg\",\"contentUrl\":\"https:\/\/camera-austria.at\/wp-content\/uploads\/2018\/06\/ca-zeitschrift-CA142-cover-491-1.jpg\",\"width\":347,\"height\":491,\"caption\":\"Cover: Sophie Thun, Double release (Nonnenwerthstra\u00dfe to Grangasse), 2017. Analoge Farbfotografien, je 25.4 \u00d7 20.3 cm. Courtesy: die K\u00fcnstlerin und M\u00e9lange, Cologne.\"},{\"@type\":\"BreadcrumbList\",\"@id\":\"https:\/\/camera-austria.at\/en\/product\/142-2018\/#breadcrumb\",\"itemListElement\":[{\"@type\":\"ListItem\",\"position\":1,\"name\":\"Home\",\"item\":\"https:\/\/camera-austria.at\/en\/\"},{\"@type\":\"ListItem\",\"position\":2,\"name\":\"Camera Austria Shop\",\"item\":\"https:\/\/camera-austria.at\/en\/shop\/\"},{\"@type\":\"ListItem\",\"position\":3,\"name\":\"142 | 2018\"}]},{\"@type\":\"WebSite\",\"@id\":\"https:\/\/camera-austria.at\/en\/#website\",\"url\":\"https:\/\/camera-austria.at\/en\/\",\"name\":\"Camera Austria\",\"description\":\"\",\"publisher\":{\"@id\":\"https:\/\/camera-austria.at\/en\/#organization\"},\"potentialAction\":[{\"@type\":\"SearchAction\",\"target\":{\"@type\":\"EntryPoint\",\"urlTemplate\":\"https:\/\/camera-austria.at\/en\/?s={search_term_string}\"},\"query-input\":{\"@type\":\"PropertyValueSpecification\",\"valueRequired\":true,\"valueName\":\"search_term_string\"}}],\"inLanguage\":\"en-US\"},{\"@type\":\"Organization\",\"@id\":\"https:\/\/camera-austria.at\/en\/#organization\",\"name\":\"Camera Austria\",\"url\":\"https:\/\/camera-austria.at\/en\/\",\"logo\":{\"@type\":\"ImageObject\",\"inLanguage\":\"en-US\",\"@id\":\"https:\/\/camera-austria.at\/en\/#\/schema\/logo\/image\/\",\"url\":\"https:\/\/camera-austria.at\/wp-content\/uploads\/2022\/02\/logo.png\",\"contentUrl\":\"https:\/\/camera-austria.at\/wp-content\/uploads\/2022\/02\/logo.png\",\"width\":399,\"height\":59,\"caption\":\"Camera Austria\"},\"image\":{\"@id\":\"https:\/\/camera-austria.at\/en\/#\/schema\/logo\/image\/\"},\"sameAs\":[\"https:\/\/www.facebook.com\/Camera.Austria\",\"https:\/\/www.instagram.com\/cameraaustriagraz\/\"]}]}<\/script>\n<!-- \/ Yoast SEO plugin. -->","yoast_head_json":{"title":"142 | 2018 - Camera Austria","robots":{"index":"index","follow":"follow","max-snippet":"max-snippet:-1","max-image-preview":"max-image-preview:large","max-video-preview":"max-video-preview:-1"},"canonical":"https:\/\/camera-austria.at\/en\/product\/142-2018\/","og_locale":"en_US","og_type":"article","og_title":"142 | 2018 - Camera Austria","og_description":"OLGA CHERNYSHEVA ADAM SZYMCZYK BERNADETTE MAYER MATTHEW RANA ANDRZEJ STEINBACH MAREN L\u00dcBBKE-TIDOW SOPHIE THUN ORIT GAT","og_url":"https:\/\/camera-austria.at\/en\/product\/142-2018\/","og_site_name":"Camera Austria","article_publisher":"https:\/\/www.facebook.com\/Camera.Austria","og_image":[{"width":347,"height":491,"url":"https:\/\/camera-austria.at\/wp-content\/uploads\/2018\/06\/ca-zeitschrift-CA142-cover-491-1.jpg","type":"image\/jpeg"}],"twitter_card":"summary_large_image","schema":{"@context":"https:\/\/schema.org","@graph":[{"@type":"WebPage","@id":"https:\/\/camera-austria.at\/en\/product\/142-2018\/","url":"https:\/\/camera-austria.at\/en\/product\/142-2018\/","name":"142 | 2018 - Camera Austria","isPartOf":{"@id":"https:\/\/camera-austria.at\/en\/#website"},"primaryImageOfPage":{"@id":"https:\/\/camera-austria.at\/en\/product\/142-2018\/#primaryimage"},"image":{"@id":"https:\/\/camera-austria.at\/en\/product\/142-2018\/#primaryimage"},"thumbnailUrl":"https:\/\/camera-austria.at\/wp-content\/uploads\/2018\/06\/ca-zeitschrift-CA142-cover-491-1.jpg","datePublished":"2018-06-12T07:10:13+00:00","breadcrumb":{"@id":"https:\/\/camera-austria.at\/en\/product\/142-2018\/#breadcrumb"},"inLanguage":"en-US","potentialAction":[{"@type":"ReadAction","target":["https:\/\/camera-austria.at\/en\/product\/142-2018\/"]}]},{"@type":"ImageObject","inLanguage":"en-US","@id":"https:\/\/camera-austria.at\/en\/product\/142-2018\/#primaryimage","url":"https:\/\/camera-austria.at\/wp-content\/uploads\/2018\/06\/ca-zeitschrift-CA142-cover-491-1.jpg","contentUrl":"https:\/\/camera-austria.at\/wp-content\/uploads\/2018\/06\/ca-zeitschrift-CA142-cover-491-1.jpg","width":347,"height":491,"caption":"Cover: Sophie Thun, Double release (Nonnenwerthstra\u00dfe to Grangasse), 2017. Analoge Farbfotografien, je 25.4 \u00d7 20.3 cm. Courtesy: die K\u00fcnstlerin und M\u00e9lange, Cologne."},{"@type":"BreadcrumbList","@id":"https:\/\/camera-austria.at\/en\/product\/142-2018\/#breadcrumb","itemListElement":[{"@type":"ListItem","position":1,"name":"Home","item":"https:\/\/camera-austria.at\/en\/"},{"@type":"ListItem","position":2,"name":"Camera Austria Shop","item":"https:\/\/camera-austria.at\/en\/shop\/"},{"@type":"ListItem","position":3,"name":"142 | 2018"}]},{"@type":"WebSite","@id":"https:\/\/camera-austria.at\/en\/#website","url":"https:\/\/camera-austria.at\/en\/","name":"Camera Austria","description":"","publisher":{"@id":"https:\/\/camera-austria.at\/en\/#organization"},"potentialAction":[{"@type":"SearchAction","target":{"@type":"EntryPoint","urlTemplate":"https:\/\/camera-austria.at\/en\/?s={search_term_string}"},"query-input":{"@type":"PropertyValueSpecification","valueRequired":true,"valueName":"search_term_string"}}],"inLanguage":"en-US"},{"@type":"Organization","@id":"https:\/\/camera-austria.at\/en\/#organization","name":"Camera Austria","url":"https:\/\/camera-austria.at\/en\/","logo":{"@type":"ImageObject","inLanguage":"en-US","@id":"https:\/\/camera-austria.at\/en\/#\/schema\/logo\/image\/","url":"https:\/\/camera-austria.at\/wp-content\/uploads\/2022\/02\/logo.png","contentUrl":"https:\/\/camera-austria.at\/wp-content\/uploads\/2022\/02\/logo.png","width":399,"height":59,"caption":"Camera Austria"},"image":{"@id":"https:\/\/camera-austria.at\/en\/#\/schema\/logo\/image\/"},"sameAs":["https:\/\/www.facebook.com\/Camera.Austria","https:\/\/www.instagram.com\/cameraaustriagraz\/"]}]}},"_links":{"self":[{"href":"https:\/\/camera-austria.at\/en\/wp-json\/wp\/v2\/product\/43243","targetHints":{"allow":["GET"]}}],"collection":[{"href":"https:\/\/camera-austria.at\/en\/wp-json\/wp\/v2\/product"}],"about":[{"href":"https:\/\/camera-austria.at\/en\/wp-json\/wp\/v2\/types\/product"}],"replies":[{"embeddable":true,"href":"https:\/\/camera-austria.at\/en\/wp-json\/wp\/v2\/comments?post=43243"}],"wp:featuredmedia":[{"embeddable":true,"href":"https:\/\/camera-austria.at\/en\/wp-json\/wp\/v2\/media\/43242"}],"wp:attachment":[{"href":"https:\/\/camera-austria.at\/en\/wp-json\/wp\/v2\/media?parent=43243"}],"wp:term":[{"taxonomy":"product_brand","embeddable":true,"href":"https:\/\/camera-austria.at\/en\/wp-json\/wp\/v2\/product_brand?post=43243"},{"taxonomy":"product_cat","embeddable":true,"href":"https:\/\/camera-austria.at\/en\/wp-json\/wp\/v2\/product_cat?post=43243"},{"taxonomy":"product_tag","embeddable":true,"href":"https:\/\/camera-austria.at\/en\/wp-json\/wp\/v2\/product_tag?post=43243"}],"curies":[{"name":"wp","href":"https:\/\/api.w.org\/{rel}","templated":true}]}}