{"id":44226,"date":"2018-09-07T14:26:15","date_gmt":"2018-09-07T12:26:15","guid":{"rendered":"https:\/\/camera-austria.at\/?post_type=product&#038;p=44226"},"modified":"2018-09-07T14:28:53","modified_gmt":"2018-09-07T12:28:53","slug":"143-2018","status":"publish","type":"product","link":"https:\/\/camera-austria.at\/en\/product\/143-2018\/","title":{"rendered":"143 | 2018"},"content":{"rendered":"","protected":false},"excerpt":{"rendered":"<p>ABIGAIL SOLOMON-GODEAU<br \/>\nDUNCAN FORBES<br \/>\nLARA BALADI<br \/>\nMARINA GR\u017dINI\u0106<br \/>\nANA TEIXEIRA PINTO<br \/>\nDINA AL-KASSIM<br \/>\nOMAR KHOLEIF<br \/>\nCHRISTIAN H\u00d6LLER<br \/>\nTIMOTHY DRUCKREY<\/p>\n","protected":false},"featured_media":44224,"comment_status":"closed","ping_status":"closed","template":"","meta":{"_acf_changed":false},"product_brand":[],"product_cat":[51],"product_tag":[],"class_list":{"0":"post-44226","1":"product","2":"type-product","3":"status-publish","4":"has-post-thumbnail","6":"product_cat-magazine","8":"first","9":"instock","10":"taxable","11":"shipping-taxable","12":"purchasable","13":"product-type-simple"},"acf":[],"yoast_head":"<!-- This site is optimized with the Yoast SEO plugin v26.6 - https:\/\/yoast.com\/wordpress\/plugins\/seo\/ -->\n<title>143 | 2018 - Camera Austria<\/title>\n<meta name=\"robots\" content=\"index, follow, max-snippet:-1, max-image-preview:large, max-video-preview:-1\" \/>\n<link rel=\"canonical\" href=\"https:\/\/camera-austria.at\/en\/product\/143-2018\/\" \/>\n<meta property=\"og:locale\" content=\"en_US\" \/>\n<meta property=\"og:type\" content=\"article\" \/>\n<meta property=\"og:title\" content=\"143 | 2018 - Camera Austria\" \/>\n<meta property=\"og:description\" content=\"ABIGAIL SOLOMON-GODEAU DUNCAN FORBES LARA BALADI MARINA GR\u017dINI\u0106 ANA TEIXEIRA PINTO DINA AL-KASSIM OMAR KHOLEIF CHRISTIAN H\u00d6LLER TIMOTHY DRUCKREY\" \/>\n<meta property=\"og:url\" content=\"https:\/\/camera-austria.at\/en\/product\/143-2018\/\" \/>\n<meta property=\"og:site_name\" content=\"Camera Austria\" \/>\n<meta property=\"article:publisher\" content=\"https:\/\/www.facebook.com\/Camera.Austria\" \/>\n<meta property=\"article:modified_time\" content=\"2018-09-07T12:28:53+00:00\" \/>\n<meta property=\"og:image\" content=\"https:\/\/camera-austria.at\/wp-content\/uploads\/2018\/09\/CA143_Cover_Homepage-Kopie.jpg\" \/>\n\t<meta property=\"og:image:width\" content=\"347\" \/>\n\t<meta property=\"og:image:height\" content=\"491\" \/>\n\t<meta property=\"og:image:type\" content=\"image\/jpeg\" \/>\n<meta name=\"twitter:card\" content=\"summary_large_image\" \/>\n<script type=\"application\/ld+json\" class=\"yoast-schema-graph\">{\"@context\":\"https:\/\/schema.org\",\"@graph\":[{\"@type\":\"WebPage\",\"@id\":\"https:\/\/camera-austria.at\/en\/product\/143-2018\/\",\"url\":\"https:\/\/camera-austria.at\/en\/product\/143-2018\/\",\"name\":\"143 | 2018 - Camera Austria\",\"isPartOf\":{\"@id\":\"https:\/\/camera-austria.at\/en\/#website\"},\"primaryImageOfPage\":{\"@id\":\"https:\/\/camera-austria.at\/en\/product\/143-2018\/#primaryimage\"},\"image\":{\"@id\":\"https:\/\/camera-austria.at\/en\/product\/143-2018\/#primaryimage\"},\"thumbnailUrl\":\"https:\/\/camera-austria.at\/wp-content\/uploads\/2018\/09\/CA143_Cover_Homepage-Kopie.jpg\",\"datePublished\":\"2018-09-07T12:26:15+00:00\",\"dateModified\":\"2018-09-07T12:28:53+00:00\",\"breadcrumb\":{\"@id\":\"https:\/\/camera-austria.at\/en\/product\/143-2018\/#breadcrumb\"},\"inLanguage\":\"en-US\",\"potentialAction\":[{\"@type\":\"ReadAction\",\"target\":[\"https:\/\/camera-austria.at\/en\/product\/143-2018\/\"]}]},{\"@type\":\"ImageObject\",\"inLanguage\":\"en-US\",\"@id\":\"https:\/\/camera-austria.at\/en\/product\/143-2018\/#primaryimage\",\"url\":\"https:\/\/camera-austria.at\/wp-content\/uploads\/2018\/09\/CA143_Cover_Homepage-Kopie.jpg\",\"contentUrl\":\"https:\/\/camera-austria.at\/wp-content\/uploads\/2018\/09\/CA143_Cover_Homepage-Kopie.jpg\",\"width\":347,\"height\":491,\"caption\":\"Montage by Satz & S\u00e4tze\"},{\"@type\":\"BreadcrumbList\",\"@id\":\"https:\/\/camera-austria.at\/en\/product\/143-2018\/#breadcrumb\",\"itemListElement\":[{\"@type\":\"ListItem\",\"position\":1,\"name\":\"Home\",\"item\":\"https:\/\/camera-austria.at\/en\/\"},{\"@type\":\"ListItem\",\"position\":2,\"name\":\"Camera Austria Shop\",\"item\":\"https:\/\/camera-austria.at\/en\/shop\/\"},{\"@type\":\"ListItem\",\"position\":3,\"name\":\"143 | 2018\"}]},{\"@type\":\"WebSite\",\"@id\":\"https:\/\/camera-austria.at\/en\/#website\",\"url\":\"https:\/\/camera-austria.at\/en\/\",\"name\":\"Camera Austria\",\"description\":\"\",\"publisher\":{\"@id\":\"https:\/\/camera-austria.at\/en\/#organization\"},\"potentialAction\":[{\"@type\":\"SearchAction\",\"target\":{\"@type\":\"EntryPoint\",\"urlTemplate\":\"https:\/\/camera-austria.at\/en\/?s={search_term_string}\"},\"query-input\":{\"@type\":\"PropertyValueSpecification\",\"valueRequired\":true,\"valueName\":\"search_term_string\"}}],\"inLanguage\":\"en-US\"},{\"@type\":\"Organization\",\"@id\":\"https:\/\/camera-austria.at\/en\/#organization\",\"name\":\"Camera Austria\",\"url\":\"https:\/\/camera-austria.at\/en\/\",\"logo\":{\"@type\":\"ImageObject\",\"inLanguage\":\"en-US\",\"@id\":\"https:\/\/camera-austria.at\/en\/#\/schema\/logo\/image\/\",\"url\":\"https:\/\/camera-austria.at\/wp-content\/uploads\/2022\/02\/logo.png\",\"contentUrl\":\"https:\/\/camera-austria.at\/wp-content\/uploads\/2022\/02\/logo.png\",\"width\":399,\"height\":59,\"caption\":\"Camera Austria\"},\"image\":{\"@id\":\"https:\/\/camera-austria.at\/en\/#\/schema\/logo\/image\/\"},\"sameAs\":[\"https:\/\/www.facebook.com\/Camera.Austria\",\"https:\/\/www.instagram.com\/cameraaustriagraz\/\"]}]}<\/script>\n<!-- \/ Yoast SEO plugin. -->","yoast_head_json":{"title":"143 | 2018 - Camera Austria","robots":{"index":"index","follow":"follow","max-snippet":"max-snippet:-1","max-image-preview":"max-image-preview:large","max-video-preview":"max-video-preview:-1"},"canonical":"https:\/\/camera-austria.at\/en\/product\/143-2018\/","og_locale":"en_US","og_type":"article","og_title":"143 | 2018 - Camera Austria","og_description":"ABIGAIL SOLOMON-GODEAU DUNCAN FORBES LARA BALADI MARINA GR\u017dINI\u0106 ANA TEIXEIRA PINTO DINA AL-KASSIM OMAR KHOLEIF CHRISTIAN H\u00d6LLER TIMOTHY DRUCKREY","og_url":"https:\/\/camera-austria.at\/en\/product\/143-2018\/","og_site_name":"Camera Austria","article_publisher":"https:\/\/www.facebook.com\/Camera.Austria","article_modified_time":"2018-09-07T12:28:53+00:00","og_image":[{"width":347,"height":491,"url":"https:\/\/camera-austria.at\/wp-content\/uploads\/2018\/09\/CA143_Cover_Homepage-Kopie.jpg","type":"image\/jpeg"}],"twitter_card":"summary_large_image","schema":{"@context":"https:\/\/schema.org","@graph":[{"@type":"WebPage","@id":"https:\/\/camera-austria.at\/en\/product\/143-2018\/","url":"https:\/\/camera-austria.at\/en\/product\/143-2018\/","name":"143 | 2018 - Camera Austria","isPartOf":{"@id":"https:\/\/camera-austria.at\/en\/#website"},"primaryImageOfPage":{"@id":"https:\/\/camera-austria.at\/en\/product\/143-2018\/#primaryimage"},"image":{"@id":"https:\/\/camera-austria.at\/en\/product\/143-2018\/#primaryimage"},"thumbnailUrl":"https:\/\/camera-austria.at\/wp-content\/uploads\/2018\/09\/CA143_Cover_Homepage-Kopie.jpg","datePublished":"2018-09-07T12:26:15+00:00","dateModified":"2018-09-07T12:28:53+00:00","breadcrumb":{"@id":"https:\/\/camera-austria.at\/en\/product\/143-2018\/#breadcrumb"},"inLanguage":"en-US","potentialAction":[{"@type":"ReadAction","target":["https:\/\/camera-austria.at\/en\/product\/143-2018\/"]}]},{"@type":"ImageObject","inLanguage":"en-US","@id":"https:\/\/camera-austria.at\/en\/product\/143-2018\/#primaryimage","url":"https:\/\/camera-austria.at\/wp-content\/uploads\/2018\/09\/CA143_Cover_Homepage-Kopie.jpg","contentUrl":"https:\/\/camera-austria.at\/wp-content\/uploads\/2018\/09\/CA143_Cover_Homepage-Kopie.jpg","width":347,"height":491,"caption":"Montage by Satz & S\u00e4tze"},{"@type":"BreadcrumbList","@id":"https:\/\/camera-austria.at\/en\/product\/143-2018\/#breadcrumb","itemListElement":[{"@type":"ListItem","position":1,"name":"Home","item":"https:\/\/camera-austria.at\/en\/"},{"@type":"ListItem","position":2,"name":"Camera Austria Shop","item":"https:\/\/camera-austria.at\/en\/shop\/"},{"@type":"ListItem","position":3,"name":"143 | 2018"}]},{"@type":"WebSite","@id":"https:\/\/camera-austria.at\/en\/#website","url":"https:\/\/camera-austria.at\/en\/","name":"Camera Austria","description":"","publisher":{"@id":"https:\/\/camera-austria.at\/en\/#organization"},"potentialAction":[{"@type":"SearchAction","target":{"@type":"EntryPoint","urlTemplate":"https:\/\/camera-austria.at\/en\/?s={search_term_string}"},"query-input":{"@type":"PropertyValueSpecification","valueRequired":true,"valueName":"search_term_string"}}],"inLanguage":"en-US"},{"@type":"Organization","@id":"https:\/\/camera-austria.at\/en\/#organization","name":"Camera Austria","url":"https:\/\/camera-austria.at\/en\/","logo":{"@type":"ImageObject","inLanguage":"en-US","@id":"https:\/\/camera-austria.at\/en\/#\/schema\/logo\/image\/","url":"https:\/\/camera-austria.at\/wp-content\/uploads\/2022\/02\/logo.png","contentUrl":"https:\/\/camera-austria.at\/wp-content\/uploads\/2022\/02\/logo.png","width":399,"height":59,"caption":"Camera Austria"},"image":{"@id":"https:\/\/camera-austria.at\/en\/#\/schema\/logo\/image\/"},"sameAs":["https:\/\/www.facebook.com\/Camera.Austria","https:\/\/www.instagram.com\/cameraaustriagraz\/"]}]}},"_links":{"self":[{"href":"https:\/\/camera-austria.at\/en\/wp-json\/wp\/v2\/product\/44226","targetHints":{"allow":["GET"]}}],"collection":[{"href":"https:\/\/camera-austria.at\/en\/wp-json\/wp\/v2\/product"}],"about":[{"href":"https:\/\/camera-austria.at\/en\/wp-json\/wp\/v2\/types\/product"}],"replies":[{"embeddable":true,"href":"https:\/\/camera-austria.at\/en\/wp-json\/wp\/v2\/comments?post=44226"}],"wp:featuredmedia":[{"embeddable":true,"href":"https:\/\/camera-austria.at\/en\/wp-json\/wp\/v2\/media\/44224"}],"wp:attachment":[{"href":"https:\/\/camera-austria.at\/en\/wp-json\/wp\/v2\/media?parent=44226"}],"wp:term":[{"taxonomy":"product_brand","embeddable":true,"href":"https:\/\/camera-austria.at\/en\/wp-json\/wp\/v2\/product_brand?post=44226"},{"taxonomy":"product_cat","embeddable":true,"href":"https:\/\/camera-austria.at\/en\/wp-json\/wp\/v2\/product_cat?post=44226"},{"taxonomy":"product_tag","embeddable":true,"href":"https:\/\/camera-austria.at\/en\/wp-json\/wp\/v2\/product_tag?post=44226"}],"curies":[{"name":"wp","href":"https:\/\/api.w.org\/{rel}","templated":true}]}}