{"id":49413,"date":"2019-12-10T16:17:46","date_gmt":"2019-12-10T15:17:46","guid":{"rendered":"https:\/\/camera-austria.at\/shop\/148-2019\/"},"modified":"2019-12-10T16:38:54","modified_gmt":"2019-12-10T15:38:54","slug":"148-2019","status":"publish","type":"product","link":"https:\/\/camera-austria.at\/en\/product\/148-2019\/","title":{"rendered":"148 | 2019"},"content":{"rendered":"","protected":false},"excerpt":{"rendered":"<p>ANNA DAU\u010c\u00cdKOV\u00c1<br \/>\nADAM SZYMCZYK<br \/>\nKEIZO KITAJIMA<br \/>\nDUNCAN FORBES<br \/>\nGABRIELE ST\u00d6TZER<br \/>\nFRANZISKA SCHMIDT<br \/>\nKATIA KAMELI<br \/>\nKAELEN WILSON-GOLDIE<br \/>\nEIKO GRIMBERG<br \/>\nVOLKER WEISS<\/p>\n","protected":false},"featured_media":49353,"comment_status":"closed","ping_status":"closed","template":"","meta":{"_acf_changed":false},"product_brand":[],"product_cat":[51],"product_tag":[],"class_list":{"0":"post-49413","1":"product","2":"type-product","3":"status-publish","4":"has-post-thumbnail","6":"product_cat-magazine","8":"first","9":"instock","10":"taxable","11":"shipping-taxable","12":"purchasable","13":"product-type-simple"},"acf":[],"yoast_head":"<!-- This site is optimized with the Yoast SEO plugin v27.4 - https:\/\/yoast.com\/product\/yoast-seo-wordpress\/ -->\n<title>148 | 2019 - Camera Austria<\/title>\n<meta name=\"robots\" content=\"index, follow, max-snippet:-1, max-image-preview:large, max-video-preview:-1\" \/>\n<link rel=\"canonical\" href=\"https:\/\/camera-austria.at\/en\/product\/148-2019\/\" \/>\n<meta property=\"og:locale\" content=\"en_US\" \/>\n<meta property=\"og:type\" content=\"article\" \/>\n<meta property=\"og:title\" content=\"148 | 2019 - Camera Austria\" \/>\n<meta property=\"og:description\" content=\"ANNA DAU\u010c\u00cdKOV\u00c1 ADAM SZYMCZYK KEIZO KITAJIMA DUNCAN FORBES GABRIELE ST\u00d6TZER FRANZISKA SCHMIDT KATIA KAMELI KAELEN WILSON-GOLDIE EIKO GRIMBERG VOLKER WEISS\" \/>\n<meta property=\"og:url\" content=\"https:\/\/camera-austria.at\/en\/product\/148-2019\/\" \/>\n<meta property=\"og:site_name\" content=\"Camera Austria\" \/>\n<meta property=\"article:publisher\" content=\"https:\/\/www.facebook.com\/Camera.Austria\" \/>\n<meta property=\"article:modified_time\" content=\"2019-12-10T15:38:54+00:00\" \/>\n<meta property=\"og:image\" content=\"https:\/\/camera-austria.at\/wp-content\/uploads\/2019\/12\/ca_zeitschrift_148_cover.jpg\" \/>\n\t<meta property=\"og:image:width\" content=\"347\" \/>\n\t<meta property=\"og:image:height\" content=\"491\" \/>\n\t<meta property=\"og:image:type\" content=\"image\/jpeg\" \/>\n<meta name=\"twitter:card\" content=\"summary_large_image\" \/>\n<script type=\"application\/ld+json\" class=\"yoast-schema-graph\">{\"@context\":\"https:\\\/\\\/schema.org\",\"@graph\":[{\"@type\":\"WebPage\",\"@id\":\"https:\\\/\\\/camera-austria.at\\\/en\\\/product\\\/148-2019\\\/\",\"url\":\"https:\\\/\\\/camera-austria.at\\\/en\\\/product\\\/148-2019\\\/\",\"name\":\"148 | 2019 - Camera Austria\",\"isPartOf\":{\"@id\":\"https:\\\/\\\/camera-austria.at\\\/en\\\/#website\"},\"primaryImageOfPage\":{\"@id\":\"https:\\\/\\\/camera-austria.at\\\/en\\\/product\\\/148-2019\\\/#primaryimage\"},\"image\":{\"@id\":\"https:\\\/\\\/camera-austria.at\\\/en\\\/product\\\/148-2019\\\/#primaryimage\"},\"thumbnailUrl\":\"https:\\\/\\\/camera-austria.at\\\/wp-content\\\/uploads\\\/2019\\\/12\\\/ca_zeitschrift_148_cover.jpg\",\"datePublished\":\"2019-12-10T15:17:46+00:00\",\"dateModified\":\"2019-12-10T15:38:54+00:00\",\"breadcrumb\":{\"@id\":\"https:\\\/\\\/camera-austria.at\\\/en\\\/product\\\/148-2019\\\/#breadcrumb\"},\"inLanguage\":\"en-US\",\"potentialAction\":[{\"@type\":\"ReadAction\",\"target\":[\"https:\\\/\\\/camera-austria.at\\\/en\\\/product\\\/148-2019\\\/\"]}]},{\"@type\":\"ImageObject\",\"inLanguage\":\"en-US\",\"@id\":\"https:\\\/\\\/camera-austria.at\\\/en\\\/product\\\/148-2019\\\/#primaryimage\",\"url\":\"https:\\\/\\\/camera-austria.at\\\/wp-content\\\/uploads\\\/2019\\\/12\\\/ca_zeitschrift_148_cover.jpg\",\"contentUrl\":\"https:\\\/\\\/camera-austria.at\\\/wp-content\\\/uploads\\\/2019\\\/12\\\/ca_zeitschrift_148_cover.jpg\",\"width\":347,\"height\":491,\"caption\":\"abriele St\u00f6tzer, from the series: Selbstversuch vor Spiegel [Self-Trial before a Mirror], 1984. Gelatin silver print, 14.8 \u00d7 10.4 cm. Copyright: the artist and Bildrecht Wien, Vienna, 2019.\"},{\"@type\":\"BreadcrumbList\",\"@id\":\"https:\\\/\\\/camera-austria.at\\\/en\\\/product\\\/148-2019\\\/#breadcrumb\",\"itemListElement\":[{\"@type\":\"ListItem\",\"position\":1,\"name\":\"Home\",\"item\":\"https:\\\/\\\/camera-austria.at\\\/en\\\/\"},{\"@type\":\"ListItem\",\"position\":2,\"name\":\"Camera Austria Shop\",\"item\":\"https:\\\/\\\/camera-austria.at\\\/en\\\/shop\\\/\"},{\"@type\":\"ListItem\",\"position\":3,\"name\":\"148 | 2019\"}]},{\"@type\":\"WebSite\",\"@id\":\"https:\\\/\\\/camera-austria.at\\\/en\\\/#website\",\"url\":\"https:\\\/\\\/camera-austria.at\\\/en\\\/\",\"name\":\"Camera Austria\",\"description\":\"\",\"publisher\":{\"@id\":\"https:\\\/\\\/camera-austria.at\\\/en\\\/#organization\"},\"potentialAction\":[{\"@type\":\"SearchAction\",\"target\":{\"@type\":\"EntryPoint\",\"urlTemplate\":\"https:\\\/\\\/camera-austria.at\\\/en\\\/?s={search_term_string}\"},\"query-input\":{\"@type\":\"PropertyValueSpecification\",\"valueRequired\":true,\"valueName\":\"search_term_string\"}}],\"inLanguage\":\"en-US\"},{\"@type\":\"Organization\",\"@id\":\"https:\\\/\\\/camera-austria.at\\\/en\\\/#organization\",\"name\":\"Camera Austria\",\"url\":\"https:\\\/\\\/camera-austria.at\\\/en\\\/\",\"logo\":{\"@type\":\"ImageObject\",\"inLanguage\":\"en-US\",\"@id\":\"https:\\\/\\\/camera-austria.at\\\/en\\\/#\\\/schema\\\/logo\\\/image\\\/\",\"url\":\"https:\\\/\\\/camera-austria.at\\\/wp-content\\\/uploads\\\/2022\\\/02\\\/logo.png\",\"contentUrl\":\"https:\\\/\\\/camera-austria.at\\\/wp-content\\\/uploads\\\/2022\\\/02\\\/logo.png\",\"width\":399,\"height\":59,\"caption\":\"Camera Austria\"},\"image\":{\"@id\":\"https:\\\/\\\/camera-austria.at\\\/en\\\/#\\\/schema\\\/logo\\\/image\\\/\"},\"sameAs\":[\"https:\\\/\\\/www.facebook.com\\\/Camera.Austria\",\"https:\\\/\\\/www.instagram.com\\\/cameraaustriagraz\\\/\"]}]}<\/script>\n<!-- \/ Yoast SEO plugin. -->","yoast_head_json":{"title":"148 | 2019 - Camera Austria","robots":{"index":"index","follow":"follow","max-snippet":"max-snippet:-1","max-image-preview":"max-image-preview:large","max-video-preview":"max-video-preview:-1"},"canonical":"https:\/\/camera-austria.at\/en\/product\/148-2019\/","og_locale":"en_US","og_type":"article","og_title":"148 | 2019 - Camera Austria","og_description":"ANNA DAU\u010c\u00cdKOV\u00c1 ADAM SZYMCZYK KEIZO KITAJIMA DUNCAN FORBES GABRIELE ST\u00d6TZER FRANZISKA SCHMIDT KATIA KAMELI KAELEN WILSON-GOLDIE EIKO GRIMBERG VOLKER WEISS","og_url":"https:\/\/camera-austria.at\/en\/product\/148-2019\/","og_site_name":"Camera Austria","article_publisher":"https:\/\/www.facebook.com\/Camera.Austria","article_modified_time":"2019-12-10T15:38:54+00:00","og_image":[{"width":347,"height":491,"url":"https:\/\/camera-austria.at\/wp-content\/uploads\/2019\/12\/ca_zeitschrift_148_cover.jpg","type":"image\/jpeg"}],"twitter_card":"summary_large_image","schema":{"@context":"https:\/\/schema.org","@graph":[{"@type":"WebPage","@id":"https:\/\/camera-austria.at\/en\/product\/148-2019\/","url":"https:\/\/camera-austria.at\/en\/product\/148-2019\/","name":"148 | 2019 - Camera Austria","isPartOf":{"@id":"https:\/\/camera-austria.at\/en\/#website"},"primaryImageOfPage":{"@id":"https:\/\/camera-austria.at\/en\/product\/148-2019\/#primaryimage"},"image":{"@id":"https:\/\/camera-austria.at\/en\/product\/148-2019\/#primaryimage"},"thumbnailUrl":"https:\/\/camera-austria.at\/wp-content\/uploads\/2019\/12\/ca_zeitschrift_148_cover.jpg","datePublished":"2019-12-10T15:17:46+00:00","dateModified":"2019-12-10T15:38:54+00:00","breadcrumb":{"@id":"https:\/\/camera-austria.at\/en\/product\/148-2019\/#breadcrumb"},"inLanguage":"en-US","potentialAction":[{"@type":"ReadAction","target":["https:\/\/camera-austria.at\/en\/product\/148-2019\/"]}]},{"@type":"ImageObject","inLanguage":"en-US","@id":"https:\/\/camera-austria.at\/en\/product\/148-2019\/#primaryimage","url":"https:\/\/camera-austria.at\/wp-content\/uploads\/2019\/12\/ca_zeitschrift_148_cover.jpg","contentUrl":"https:\/\/camera-austria.at\/wp-content\/uploads\/2019\/12\/ca_zeitschrift_148_cover.jpg","width":347,"height":491,"caption":"abriele St\u00f6tzer, from the series: Selbstversuch vor Spiegel [Self-Trial before a Mirror], 1984. Gelatin silver print, 14.8 \u00d7 10.4 cm. Copyright: the artist and Bildrecht Wien, Vienna, 2019."},{"@type":"BreadcrumbList","@id":"https:\/\/camera-austria.at\/en\/product\/148-2019\/#breadcrumb","itemListElement":[{"@type":"ListItem","position":1,"name":"Home","item":"https:\/\/camera-austria.at\/en\/"},{"@type":"ListItem","position":2,"name":"Camera Austria Shop","item":"https:\/\/camera-austria.at\/en\/shop\/"},{"@type":"ListItem","position":3,"name":"148 | 2019"}]},{"@type":"WebSite","@id":"https:\/\/camera-austria.at\/en\/#website","url":"https:\/\/camera-austria.at\/en\/","name":"Camera Austria","description":"","publisher":{"@id":"https:\/\/camera-austria.at\/en\/#organization"},"potentialAction":[{"@type":"SearchAction","target":{"@type":"EntryPoint","urlTemplate":"https:\/\/camera-austria.at\/en\/?s={search_term_string}"},"query-input":{"@type":"PropertyValueSpecification","valueRequired":true,"valueName":"search_term_string"}}],"inLanguage":"en-US"},{"@type":"Organization","@id":"https:\/\/camera-austria.at\/en\/#organization","name":"Camera Austria","url":"https:\/\/camera-austria.at\/en\/","logo":{"@type":"ImageObject","inLanguage":"en-US","@id":"https:\/\/camera-austria.at\/en\/#\/schema\/logo\/image\/","url":"https:\/\/camera-austria.at\/wp-content\/uploads\/2022\/02\/logo.png","contentUrl":"https:\/\/camera-austria.at\/wp-content\/uploads\/2022\/02\/logo.png","width":399,"height":59,"caption":"Camera Austria"},"image":{"@id":"https:\/\/camera-austria.at\/en\/#\/schema\/logo\/image\/"},"sameAs":["https:\/\/www.facebook.com\/Camera.Austria","https:\/\/www.instagram.com\/cameraaustriagraz\/"]}]}},"_links":{"self":[{"href":"https:\/\/camera-austria.at\/en\/wp-json\/wp\/v2\/product\/49413","targetHints":{"allow":["GET"]}}],"collection":[{"href":"https:\/\/camera-austria.at\/en\/wp-json\/wp\/v2\/product"}],"about":[{"href":"https:\/\/camera-austria.at\/en\/wp-json\/wp\/v2\/types\/product"}],"replies":[{"embeddable":true,"href":"https:\/\/camera-austria.at\/en\/wp-json\/wp\/v2\/comments?post=49413"}],"wp:featuredmedia":[{"embeddable":true,"href":"https:\/\/camera-austria.at\/en\/wp-json\/wp\/v2\/media\/49353"}],"wp:attachment":[{"href":"https:\/\/camera-austria.at\/en\/wp-json\/wp\/v2\/media?parent=49413"}],"wp:term":[{"taxonomy":"product_brand","embeddable":true,"href":"https:\/\/camera-austria.at\/en\/wp-json\/wp\/v2\/product_brand?post=49413"},{"taxonomy":"product_cat","embeddable":true,"href":"https:\/\/camera-austria.at\/en\/wp-json\/wp\/v2\/product_cat?post=49413"},{"taxonomy":"product_tag","embeddable":true,"href":"https:\/\/camera-austria.at\/en\/wp-json\/wp\/v2\/product_tag?post=49413"}],"curies":[{"name":"wp","href":"https:\/\/api.w.org\/{rel}","templated":true}]}}