{"id":61882,"date":"2024-06-12T06:44:45","date_gmt":"2024-06-12T04:44:45","guid":{"rendered":"https:\/\/camera-austria.at\/shop\/166-2024\/"},"modified":"2024-06-12T10:59:00","modified_gmt":"2024-06-12T08:59:00","slug":"166-2024","status":"publish","type":"product","link":"https:\/\/camera-austria.at\/en\/product\/166-2024\/","title":{"rendered":"166 | 2024"},"content":{"rendered":"<p>Trotz der politischen Bestrebungen, es Personen aller sozialen und \u00f6konomischen Hintergr\u00fcnde und unabh\u00e4ngig von ihrem Aufenthaltsstatus zu erm\u00f6glichen, gleichberechtigt Zugang zu Bildung \u2013 und damit zu kulturellem und \u00f6konomischem Kapital \u2013 zu erlangen, belegen Studien, dass dieses Versprechen in der Realit\u00e4t nur bedingt eingel\u00f6st wird. Vor diesem Hintergrund stellt <em>Camera Austria International<\/em> Nr. 166 k\u00fcnstlerische Positionen vor, die sich mit den komplexen, oft subtilen Aspekten von sozialer Distinktion im (Aus-)-Bildungskontext, dem m\u00f6glicherweise subversiven Potenzial von Bildungsinstitutionen sowie mit nicht-westlichen Formen der Wissensproduktion auseinandersetzen.<\/p>\n","protected":false},"excerpt":{"rendered":"<p>ARNE SCHMITT<br \/>\nJENNY SCH\u00c4FER<br \/>\nDANIEL MEBAREK<br \/>\nTAOUS R. DAHMANI<br \/>\nURSULA BIEMANN<br \/>\nREINHARD BRAUN<br \/>\nSUSANNE KEICHEL<br \/>\nILIJA MATUSKO<\/p>\n","protected":false},"featured_media":61793,"comment_status":"closed","ping_status":"closed","template":"","meta":{"_acf_changed":false},"product_brand":[],"product_cat":[51],"product_tag":[],"class_list":{"0":"post-61882","1":"product","2":"type-product","3":"status-publish","4":"has-post-thumbnail","6":"product_cat-magazine","8":"first","9":"instock","10":"taxable","11":"shipping-taxable","12":"purchasable","13":"product-type-simple"},"acf":[],"yoast_head":"<!-- This site is optimized with the Yoast SEO plugin v27.4 - https:\/\/yoast.com\/product\/yoast-seo-wordpress\/ -->\n<title>166 | 2024 - Camera Austria<\/title>\n<meta name=\"robots\" content=\"index, follow, max-snippet:-1, max-image-preview:large, max-video-preview:-1\" \/>\n<link rel=\"canonical\" href=\"https:\/\/camera-austria.at\/en\/product\/166-2024\/\" \/>\n<meta property=\"og:locale\" content=\"en_US\" \/>\n<meta property=\"og:type\" content=\"article\" \/>\n<meta property=\"og:title\" content=\"166 | 2024 - Camera Austria\" \/>\n<meta property=\"og:description\" content=\"ARNE SCHMITT JENNY SCH\u00c4FER DANIEL MEBAREK TAOUS R. DAHMANI URSULA BIEMANN REINHARD BRAUN SUSANNE KEICHEL ILIJA MATUSKO\" \/>\n<meta property=\"og:url\" content=\"https:\/\/camera-austria.at\/en\/product\/166-2024\/\" \/>\n<meta property=\"og:site_name\" content=\"Camera Austria\" \/>\n<meta property=\"article:publisher\" content=\"https:\/\/www.facebook.com\/Camera.Austria\" \/>\n<meta property=\"article:modified_time\" content=\"2024-06-12T08:59:00+00:00\" \/>\n<meta property=\"og:image\" content=\"https:\/\/camera-austria.at\/wp-content\/uploads\/2024\/06\/ca_zeitschrift_166_cover.jpg\" \/>\n\t<meta property=\"og:image:width\" content=\"174\" \/>\n\t<meta property=\"og:image:height\" content=\"246\" \/>\n\t<meta property=\"og:image:type\" content=\"image\/jpeg\" \/>\n<meta name=\"twitter:card\" content=\"summary_large_image\" \/>\n<script type=\"application\/ld+json\" class=\"yoast-schema-graph\">{\"@context\":\"https:\\\/\\\/schema.org\",\"@graph\":[{\"@type\":\"WebPage\",\"@id\":\"https:\\\/\\\/camera-austria.at\\\/en\\\/product\\\/166-2024\\\/\",\"url\":\"https:\\\/\\\/camera-austria.at\\\/en\\\/product\\\/166-2024\\\/\",\"name\":\"166 | 2024 - Camera Austria\",\"isPartOf\":{\"@id\":\"https:\\\/\\\/camera-austria.at\\\/en\\\/#website\"},\"primaryImageOfPage\":{\"@id\":\"https:\\\/\\\/camera-austria.at\\\/en\\\/product\\\/166-2024\\\/#primaryimage\"},\"image\":{\"@id\":\"https:\\\/\\\/camera-austria.at\\\/en\\\/product\\\/166-2024\\\/#primaryimage\"},\"thumbnailUrl\":\"https:\\\/\\\/camera-austria.at\\\/wp-content\\\/uploads\\\/2024\\\/06\\\/ca_zeitschrift_166_cover.jpg\",\"datePublished\":\"2024-06-12T04:44:45+00:00\",\"dateModified\":\"2024-06-12T08:59:00+00:00\",\"breadcrumb\":{\"@id\":\"https:\\\/\\\/camera-austria.at\\\/en\\\/product\\\/166-2024\\\/#breadcrumb\"},\"inLanguage\":\"en-US\",\"potentialAction\":[{\"@type\":\"ReadAction\",\"target\":[\"https:\\\/\\\/camera-austria.at\\\/en\\\/product\\\/166-2024\\\/\"]}]},{\"@type\":\"ImageObject\",\"inLanguage\":\"en-US\",\"@id\":\"https:\\\/\\\/camera-austria.at\\\/en\\\/product\\\/166-2024\\\/#primaryimage\",\"url\":\"https:\\\/\\\/camera-austria.at\\\/wp-content\\\/uploads\\\/2024\\\/06\\\/ca_zeitschrift_166_cover.jpg\",\"contentUrl\":\"https:\\\/\\\/camera-austria.at\\\/wp-content\\\/uploads\\\/2024\\\/06\\\/ca_zeitschrift_166_cover.jpg\",\"width\":174,\"height\":246,\"caption\":\"Daniel Mebarek, from the series: Radicalis, 2020\u2013ongoing. Inkjet print, dimensions variable.\"},{\"@type\":\"BreadcrumbList\",\"@id\":\"https:\\\/\\\/camera-austria.at\\\/en\\\/product\\\/166-2024\\\/#breadcrumb\",\"itemListElement\":[{\"@type\":\"ListItem\",\"position\":1,\"name\":\"Home\",\"item\":\"https:\\\/\\\/camera-austria.at\\\/en\\\/\"},{\"@type\":\"ListItem\",\"position\":2,\"name\":\"Camera Austria Shop\",\"item\":\"https:\\\/\\\/camera-austria.at\\\/en\\\/shop\\\/\"},{\"@type\":\"ListItem\",\"position\":3,\"name\":\"166 | 2024\"}]},{\"@type\":\"WebSite\",\"@id\":\"https:\\\/\\\/camera-austria.at\\\/en\\\/#website\",\"url\":\"https:\\\/\\\/camera-austria.at\\\/en\\\/\",\"name\":\"Camera Austria\",\"description\":\"\",\"publisher\":{\"@id\":\"https:\\\/\\\/camera-austria.at\\\/en\\\/#organization\"},\"potentialAction\":[{\"@type\":\"SearchAction\",\"target\":{\"@type\":\"EntryPoint\",\"urlTemplate\":\"https:\\\/\\\/camera-austria.at\\\/en\\\/?s={search_term_string}\"},\"query-input\":{\"@type\":\"PropertyValueSpecification\",\"valueRequired\":true,\"valueName\":\"search_term_string\"}}],\"inLanguage\":\"en-US\"},{\"@type\":\"Organization\",\"@id\":\"https:\\\/\\\/camera-austria.at\\\/en\\\/#organization\",\"name\":\"Camera Austria\",\"url\":\"https:\\\/\\\/camera-austria.at\\\/en\\\/\",\"logo\":{\"@type\":\"ImageObject\",\"inLanguage\":\"en-US\",\"@id\":\"https:\\\/\\\/camera-austria.at\\\/en\\\/#\\\/schema\\\/logo\\\/image\\\/\",\"url\":\"https:\\\/\\\/camera-austria.at\\\/wp-content\\\/uploads\\\/2022\\\/02\\\/logo.png\",\"contentUrl\":\"https:\\\/\\\/camera-austria.at\\\/wp-content\\\/uploads\\\/2022\\\/02\\\/logo.png\",\"width\":399,\"height\":59,\"caption\":\"Camera Austria\"},\"image\":{\"@id\":\"https:\\\/\\\/camera-austria.at\\\/en\\\/#\\\/schema\\\/logo\\\/image\\\/\"},\"sameAs\":[\"https:\\\/\\\/www.facebook.com\\\/Camera.Austria\",\"https:\\\/\\\/www.instagram.com\\\/cameraaustriagraz\\\/\"]}]}<\/script>\n<!-- \/ Yoast SEO plugin. -->","yoast_head_json":{"title":"166 | 2024 - Camera Austria","robots":{"index":"index","follow":"follow","max-snippet":"max-snippet:-1","max-image-preview":"max-image-preview:large","max-video-preview":"max-video-preview:-1"},"canonical":"https:\/\/camera-austria.at\/en\/product\/166-2024\/","og_locale":"en_US","og_type":"article","og_title":"166 | 2024 - Camera Austria","og_description":"ARNE SCHMITT JENNY SCH\u00c4FER DANIEL MEBAREK TAOUS R. DAHMANI URSULA BIEMANN REINHARD BRAUN SUSANNE KEICHEL ILIJA MATUSKO","og_url":"https:\/\/camera-austria.at\/en\/product\/166-2024\/","og_site_name":"Camera Austria","article_publisher":"https:\/\/www.facebook.com\/Camera.Austria","article_modified_time":"2024-06-12T08:59:00+00:00","og_image":[{"width":174,"height":246,"url":"https:\/\/camera-austria.at\/wp-content\/uploads\/2024\/06\/ca_zeitschrift_166_cover.jpg","type":"image\/jpeg"}],"twitter_card":"summary_large_image","schema":{"@context":"https:\/\/schema.org","@graph":[{"@type":"WebPage","@id":"https:\/\/camera-austria.at\/en\/product\/166-2024\/","url":"https:\/\/camera-austria.at\/en\/product\/166-2024\/","name":"166 | 2024 - Camera Austria","isPartOf":{"@id":"https:\/\/camera-austria.at\/en\/#website"},"primaryImageOfPage":{"@id":"https:\/\/camera-austria.at\/en\/product\/166-2024\/#primaryimage"},"image":{"@id":"https:\/\/camera-austria.at\/en\/product\/166-2024\/#primaryimage"},"thumbnailUrl":"https:\/\/camera-austria.at\/wp-content\/uploads\/2024\/06\/ca_zeitschrift_166_cover.jpg","datePublished":"2024-06-12T04:44:45+00:00","dateModified":"2024-06-12T08:59:00+00:00","breadcrumb":{"@id":"https:\/\/camera-austria.at\/en\/product\/166-2024\/#breadcrumb"},"inLanguage":"en-US","potentialAction":[{"@type":"ReadAction","target":["https:\/\/camera-austria.at\/en\/product\/166-2024\/"]}]},{"@type":"ImageObject","inLanguage":"en-US","@id":"https:\/\/camera-austria.at\/en\/product\/166-2024\/#primaryimage","url":"https:\/\/camera-austria.at\/wp-content\/uploads\/2024\/06\/ca_zeitschrift_166_cover.jpg","contentUrl":"https:\/\/camera-austria.at\/wp-content\/uploads\/2024\/06\/ca_zeitschrift_166_cover.jpg","width":174,"height":246,"caption":"Daniel Mebarek, from the series: Radicalis, 2020\u2013ongoing. Inkjet print, dimensions variable."},{"@type":"BreadcrumbList","@id":"https:\/\/camera-austria.at\/en\/product\/166-2024\/#breadcrumb","itemListElement":[{"@type":"ListItem","position":1,"name":"Home","item":"https:\/\/camera-austria.at\/en\/"},{"@type":"ListItem","position":2,"name":"Camera Austria Shop","item":"https:\/\/camera-austria.at\/en\/shop\/"},{"@type":"ListItem","position":3,"name":"166 | 2024"}]},{"@type":"WebSite","@id":"https:\/\/camera-austria.at\/en\/#website","url":"https:\/\/camera-austria.at\/en\/","name":"Camera Austria","description":"","publisher":{"@id":"https:\/\/camera-austria.at\/en\/#organization"},"potentialAction":[{"@type":"SearchAction","target":{"@type":"EntryPoint","urlTemplate":"https:\/\/camera-austria.at\/en\/?s={search_term_string}"},"query-input":{"@type":"PropertyValueSpecification","valueRequired":true,"valueName":"search_term_string"}}],"inLanguage":"en-US"},{"@type":"Organization","@id":"https:\/\/camera-austria.at\/en\/#organization","name":"Camera Austria","url":"https:\/\/camera-austria.at\/en\/","logo":{"@type":"ImageObject","inLanguage":"en-US","@id":"https:\/\/camera-austria.at\/en\/#\/schema\/logo\/image\/","url":"https:\/\/camera-austria.at\/wp-content\/uploads\/2022\/02\/logo.png","contentUrl":"https:\/\/camera-austria.at\/wp-content\/uploads\/2022\/02\/logo.png","width":399,"height":59,"caption":"Camera Austria"},"image":{"@id":"https:\/\/camera-austria.at\/en\/#\/schema\/logo\/image\/"},"sameAs":["https:\/\/www.facebook.com\/Camera.Austria","https:\/\/www.instagram.com\/cameraaustriagraz\/"]}]}},"_links":{"self":[{"href":"https:\/\/camera-austria.at\/en\/wp-json\/wp\/v2\/product\/61882","targetHints":{"allow":["GET"]}}],"collection":[{"href":"https:\/\/camera-austria.at\/en\/wp-json\/wp\/v2\/product"}],"about":[{"href":"https:\/\/camera-austria.at\/en\/wp-json\/wp\/v2\/types\/product"}],"replies":[{"embeddable":true,"href":"https:\/\/camera-austria.at\/en\/wp-json\/wp\/v2\/comments?post=61882"}],"wp:featuredmedia":[{"embeddable":true,"href":"https:\/\/camera-austria.at\/en\/wp-json\/wp\/v2\/media\/61793"}],"wp:attachment":[{"href":"https:\/\/camera-austria.at\/en\/wp-json\/wp\/v2\/media?parent=61882"}],"wp:term":[{"taxonomy":"product_brand","embeddable":true,"href":"https:\/\/camera-austria.at\/en\/wp-json\/wp\/v2\/product_brand?post=61882"},{"taxonomy":"product_cat","embeddable":true,"href":"https:\/\/camera-austria.at\/en\/wp-json\/wp\/v2\/product_cat?post=61882"},{"taxonomy":"product_tag","embeddable":true,"href":"https:\/\/camera-austria.at\/en\/wp-json\/wp\/v2\/product_tag?post=61882"}],"curies":[{"name":"wp","href":"https:\/\/api.w.org\/{rel}","templated":true}]}}