{"id":64505,"date":"2025-09-03T11:48:00","date_gmt":"2025-09-03T09:48:00","guid":{"rendered":"https:\/\/camera-austria.at\/shop\/171-2025\/"},"modified":"2025-09-04T13:23:47","modified_gmt":"2025-09-04T11:23:47","slug":"171-2025","status":"publish","type":"product","link":"https:\/\/camera-austria.at\/en\/product\/171-2025\/","title":{"rendered":"171 | 2025"},"content":{"rendered":"<p>At a time when basic shared values that seemed steadfast for decades are being called into question, the qualities of togetherness, exchange, and collaboration are more relevant than ever, as is the act of making mutual stories and experiences visible. With this in mind, our fall issue, comprising works by Deirdre O\u2019Mahony, Nika Autor, Jewhenij Pawlow, Ana\u00efs Horn und Julia L\u00fcbbecke, is devoted to forms of collaboration that open up unexpected perspectives on our fellow humans and offer a framework for projects spanning generations.<\/p>\n","protected":false},"excerpt":{"rendered":"<p>DEIRDRE O\u2019MAHONY<br \/>\nKATE STRAIN<br \/>\nNIKA AUTOR<br \/>\nNACE ZAVRL<br \/>\nEVGENIY PAVLOV<br \/>\nHERWIG G. H\u00d6LLER<br \/>\nANA\u00efS HORN<br \/>\nANYA HARRISON<br \/>\nJULIA L\u00dcBBECKE<br \/>\nSABINE MARIA SCHMIDT<\/p>\n","protected":false},"featured_media":64391,"comment_status":"closed","ping_status":"closed","template":"","meta":{"_acf_changed":false},"product_brand":[],"product_cat":[51],"product_tag":[],"class_list":{"0":"post-64505","1":"product","2":"type-product","3":"status-publish","4":"has-post-thumbnail","6":"product_cat-magazine","8":"first","9":"instock","10":"taxable","11":"shipping-taxable","12":"purchasable","13":"product-type-simple"},"acf":[],"yoast_head":"<!-- This site is optimized with the Yoast SEO plugin v27.4 - https:\/\/yoast.com\/product\/yoast-seo-wordpress\/ -->\n<title>171 | 2025 - Camera Austria<\/title>\n<meta name=\"robots\" content=\"index, follow, max-snippet:-1, max-image-preview:large, max-video-preview:-1\" \/>\n<link rel=\"canonical\" href=\"https:\/\/camera-austria.at\/en\/product\/171-2025\/\" \/>\n<meta property=\"og:locale\" content=\"en_US\" \/>\n<meta property=\"og:type\" content=\"article\" \/>\n<meta property=\"og:title\" content=\"171 | 2025 - Camera Austria\" \/>\n<meta property=\"og:description\" content=\"DEIRDRE O\u2019MAHONY KATE STRAIN NIKA AUTOR NACE ZAVRL EVGENIY PAVLOV HERWIG G. H\u00d6LLER ANA\u00efS HORN ANYA HARRISON JULIA L\u00dcBBECKE SABINE MARIA SCHMIDT\" \/>\n<meta property=\"og:url\" content=\"https:\/\/camera-austria.at\/en\/product\/171-2025\/\" \/>\n<meta property=\"og:site_name\" content=\"Camera Austria\" \/>\n<meta property=\"article:publisher\" content=\"https:\/\/www.facebook.com\/Camera.Austria\" \/>\n<meta property=\"article:modified_time\" content=\"2025-09-04T11:23:47+00:00\" \/>\n<meta property=\"og:image\" content=\"https:\/\/camera-austria.at\/wp-content\/uploads\/2012\/11\/ca_ueber-uns_aussenansicht_spiluttini.jpg\" \/>\n\t<meta property=\"og:image:width\" content=\"629\" \/>\n\t<meta property=\"og:image:height\" content=\"491\" \/>\n\t<meta property=\"og:image:type\" content=\"image\/jpeg\" \/>\n<meta name=\"twitter:card\" content=\"summary_large_image\" \/>\n<script type=\"application\/ld+json\" class=\"yoast-schema-graph\">{\"@context\":\"https:\\\/\\\/schema.org\",\"@graph\":[{\"@type\":\"WebPage\",\"@id\":\"https:\\\/\\\/camera-austria.at\\\/en\\\/product\\\/171-2025\\\/\",\"url\":\"https:\\\/\\\/camera-austria.at\\\/en\\\/product\\\/171-2025\\\/\",\"name\":\"171 | 2025 - Camera Austria\",\"isPartOf\":{\"@id\":\"https:\\\/\\\/camera-austria.at\\\/en\\\/#website\"},\"primaryImageOfPage\":{\"@id\":\"https:\\\/\\\/camera-austria.at\\\/en\\\/product\\\/171-2025\\\/#primaryimage\"},\"image\":{\"@id\":\"https:\\\/\\\/camera-austria.at\\\/en\\\/product\\\/171-2025\\\/#primaryimage\"},\"thumbnailUrl\":\"https:\\\/\\\/camera-austria.at\\\/wp-content\\\/uploads\\\/2025\\\/07\\\/CAI-171-Cover_174_246.jpg\",\"datePublished\":\"2025-09-03T09:48:00+00:00\",\"dateModified\":\"2025-09-04T11:23:47+00:00\",\"breadcrumb\":{\"@id\":\"https:\\\/\\\/camera-austria.at\\\/en\\\/product\\\/171-2025\\\/#breadcrumb\"},\"inLanguage\":\"en-US\",\"potentialAction\":[{\"@type\":\"ReadAction\",\"target\":[\"https:\\\/\\\/camera-austria.at\\\/en\\\/product\\\/171-2025\\\/\"]}]},{\"@type\":\"ImageObject\",\"inLanguage\":\"en-US\",\"@id\":\"https:\\\/\\\/camera-austria.at\\\/en\\\/product\\\/171-2025\\\/#primaryimage\",\"url\":\"https:\\\/\\\/camera-austria.at\\\/wp-content\\\/uploads\\\/2025\\\/07\\\/CAI-171-Cover_174_246.jpg\",\"contentUrl\":\"https:\\\/\\\/camera-austria.at\\\/wp-content\\\/uploads\\\/2025\\\/07\\\/CAI-171-Cover_174_246.jpg\",\"width\":174,\"height\":246,\"caption\":\"Cover: Ana\u00efs Horn, NYC Still Lifes \\\/ Ghost Monologue IV (Rapunzel), 2023. Oil and oil stick on inkjet-printed linen, 90 \u00d7 60 cm, in artist\u2019s frame. Courtesy: Private Collection, Bari. Copyright: the artist and Bildrecht, Vienna, 2025.\"},{\"@type\":\"BreadcrumbList\",\"@id\":\"https:\\\/\\\/camera-austria.at\\\/en\\\/product\\\/171-2025\\\/#breadcrumb\",\"itemListElement\":[{\"@type\":\"ListItem\",\"position\":1,\"name\":\"Home\",\"item\":\"https:\\\/\\\/camera-austria.at\\\/en\\\/\"},{\"@type\":\"ListItem\",\"position\":2,\"name\":\"Camera Austria Shop\",\"item\":\"https:\\\/\\\/camera-austria.at\\\/en\\\/shop\\\/\"},{\"@type\":\"ListItem\",\"position\":3,\"name\":\"171 | 2025\"}]},{\"@type\":\"WebSite\",\"@id\":\"https:\\\/\\\/camera-austria.at\\\/en\\\/#website\",\"url\":\"https:\\\/\\\/camera-austria.at\\\/en\\\/\",\"name\":\"Camera Austria\",\"description\":\"\",\"publisher\":{\"@id\":\"https:\\\/\\\/camera-austria.at\\\/en\\\/#organization\"},\"potentialAction\":[{\"@type\":\"SearchAction\",\"target\":{\"@type\":\"EntryPoint\",\"urlTemplate\":\"https:\\\/\\\/camera-austria.at\\\/en\\\/?s={search_term_string}\"},\"query-input\":{\"@type\":\"PropertyValueSpecification\",\"valueRequired\":true,\"valueName\":\"search_term_string\"}}],\"inLanguage\":\"en-US\"},{\"@type\":\"Organization\",\"@id\":\"https:\\\/\\\/camera-austria.at\\\/en\\\/#organization\",\"name\":\"Camera Austria\",\"url\":\"https:\\\/\\\/camera-austria.at\\\/en\\\/\",\"logo\":{\"@type\":\"ImageObject\",\"inLanguage\":\"en-US\",\"@id\":\"https:\\\/\\\/camera-austria.at\\\/en\\\/#\\\/schema\\\/logo\\\/image\\\/\",\"url\":\"https:\\\/\\\/camera-austria.at\\\/wp-content\\\/uploads\\\/2022\\\/02\\\/logo.png\",\"contentUrl\":\"https:\\\/\\\/camera-austria.at\\\/wp-content\\\/uploads\\\/2022\\\/02\\\/logo.png\",\"width\":399,\"height\":59,\"caption\":\"Camera Austria\"},\"image\":{\"@id\":\"https:\\\/\\\/camera-austria.at\\\/en\\\/#\\\/schema\\\/logo\\\/image\\\/\"},\"sameAs\":[\"https:\\\/\\\/www.facebook.com\\\/Camera.Austria\",\"https:\\\/\\\/www.instagram.com\\\/cameraaustriagraz\\\/\"]}]}<\/script>\n<!-- \/ Yoast SEO plugin. -->","yoast_head_json":{"title":"171 | 2025 - Camera Austria","robots":{"index":"index","follow":"follow","max-snippet":"max-snippet:-1","max-image-preview":"max-image-preview:large","max-video-preview":"max-video-preview:-1"},"canonical":"https:\/\/camera-austria.at\/en\/product\/171-2025\/","og_locale":"en_US","og_type":"article","og_title":"171 | 2025 - Camera Austria","og_description":"DEIRDRE O\u2019MAHONY KATE STRAIN NIKA AUTOR NACE ZAVRL EVGENIY PAVLOV HERWIG G. H\u00d6LLER ANA\u00efS HORN ANYA HARRISON JULIA L\u00dcBBECKE SABINE MARIA SCHMIDT","og_url":"https:\/\/camera-austria.at\/en\/product\/171-2025\/","og_site_name":"Camera Austria","article_publisher":"https:\/\/www.facebook.com\/Camera.Austria","article_modified_time":"2025-09-04T11:23:47+00:00","og_image":[{"width":629,"height":491,"url":"https:\/\/camera-austria.at\/wp-content\/uploads\/2012\/11\/ca_ueber-uns_aussenansicht_spiluttini.jpg","type":"image\/jpeg"}],"twitter_card":"summary_large_image","schema":{"@context":"https:\/\/schema.org","@graph":[{"@type":"WebPage","@id":"https:\/\/camera-austria.at\/en\/product\/171-2025\/","url":"https:\/\/camera-austria.at\/en\/product\/171-2025\/","name":"171 | 2025 - Camera Austria","isPartOf":{"@id":"https:\/\/camera-austria.at\/en\/#website"},"primaryImageOfPage":{"@id":"https:\/\/camera-austria.at\/en\/product\/171-2025\/#primaryimage"},"image":{"@id":"https:\/\/camera-austria.at\/en\/product\/171-2025\/#primaryimage"},"thumbnailUrl":"https:\/\/camera-austria.at\/wp-content\/uploads\/2025\/07\/CAI-171-Cover_174_246.jpg","datePublished":"2025-09-03T09:48:00+00:00","dateModified":"2025-09-04T11:23:47+00:00","breadcrumb":{"@id":"https:\/\/camera-austria.at\/en\/product\/171-2025\/#breadcrumb"},"inLanguage":"en-US","potentialAction":[{"@type":"ReadAction","target":["https:\/\/camera-austria.at\/en\/product\/171-2025\/"]}]},{"@type":"ImageObject","inLanguage":"en-US","@id":"https:\/\/camera-austria.at\/en\/product\/171-2025\/#primaryimage","url":"https:\/\/camera-austria.at\/wp-content\/uploads\/2025\/07\/CAI-171-Cover_174_246.jpg","contentUrl":"https:\/\/camera-austria.at\/wp-content\/uploads\/2025\/07\/CAI-171-Cover_174_246.jpg","width":174,"height":246,"caption":"Cover: Ana\u00efs Horn, NYC Still Lifes \/ Ghost Monologue IV (Rapunzel), 2023. Oil and oil stick on inkjet-printed linen, 90 \u00d7 60 cm, in artist\u2019s frame. Courtesy: Private Collection, Bari. Copyright: the artist and Bildrecht, Vienna, 2025."},{"@type":"BreadcrumbList","@id":"https:\/\/camera-austria.at\/en\/product\/171-2025\/#breadcrumb","itemListElement":[{"@type":"ListItem","position":1,"name":"Home","item":"https:\/\/camera-austria.at\/en\/"},{"@type":"ListItem","position":2,"name":"Camera Austria Shop","item":"https:\/\/camera-austria.at\/en\/shop\/"},{"@type":"ListItem","position":3,"name":"171 | 2025"}]},{"@type":"WebSite","@id":"https:\/\/camera-austria.at\/en\/#website","url":"https:\/\/camera-austria.at\/en\/","name":"Camera Austria","description":"","publisher":{"@id":"https:\/\/camera-austria.at\/en\/#organization"},"potentialAction":[{"@type":"SearchAction","target":{"@type":"EntryPoint","urlTemplate":"https:\/\/camera-austria.at\/en\/?s={search_term_string}"},"query-input":{"@type":"PropertyValueSpecification","valueRequired":true,"valueName":"search_term_string"}}],"inLanguage":"en-US"},{"@type":"Organization","@id":"https:\/\/camera-austria.at\/en\/#organization","name":"Camera Austria","url":"https:\/\/camera-austria.at\/en\/","logo":{"@type":"ImageObject","inLanguage":"en-US","@id":"https:\/\/camera-austria.at\/en\/#\/schema\/logo\/image\/","url":"https:\/\/camera-austria.at\/wp-content\/uploads\/2022\/02\/logo.png","contentUrl":"https:\/\/camera-austria.at\/wp-content\/uploads\/2022\/02\/logo.png","width":399,"height":59,"caption":"Camera Austria"},"image":{"@id":"https:\/\/camera-austria.at\/en\/#\/schema\/logo\/image\/"},"sameAs":["https:\/\/www.facebook.com\/Camera.Austria","https:\/\/www.instagram.com\/cameraaustriagraz\/"]}]}},"_links":{"self":[{"href":"https:\/\/camera-austria.at\/en\/wp-json\/wp\/v2\/product\/64505","targetHints":{"allow":["GET"]}}],"collection":[{"href":"https:\/\/camera-austria.at\/en\/wp-json\/wp\/v2\/product"}],"about":[{"href":"https:\/\/camera-austria.at\/en\/wp-json\/wp\/v2\/types\/product"}],"replies":[{"embeddable":true,"href":"https:\/\/camera-austria.at\/en\/wp-json\/wp\/v2\/comments?post=64505"}],"wp:featuredmedia":[{"embeddable":true,"href":"https:\/\/camera-austria.at\/en\/wp-json\/wp\/v2\/media\/64391"}],"wp:attachment":[{"href":"https:\/\/camera-austria.at\/en\/wp-json\/wp\/v2\/media?parent=64505"}],"wp:term":[{"taxonomy":"product_brand","embeddable":true,"href":"https:\/\/camera-austria.at\/en\/wp-json\/wp\/v2\/product_brand?post=64505"},{"taxonomy":"product_cat","embeddable":true,"href":"https:\/\/camera-austria.at\/en\/wp-json\/wp\/v2\/product_cat?post=64505"},{"taxonomy":"product_tag","embeddable":true,"href":"https:\/\/camera-austria.at\/en\/wp-json\/wp\/v2\/product_tag?post=64505"}],"curies":[{"name":"wp","href":"https:\/\/api.w.org\/{rel}","templated":true}]}}