{"id":64976,"date":"2025-12-10T14:29:43","date_gmt":"2025-12-10T13:29:43","guid":{"rendered":"https:\/\/camera-austria.at\/?post_type=product&#038;p=64976"},"modified":"2026-03-04T12:33:27","modified_gmt":"2026-03-04T11:33:27","slug":"172-2025","status":"publish","type":"product","link":"https:\/\/camera-austria.at\/en\/product\/172-2025\/","title":{"rendered":"172 | 2025"},"content":{"rendered":"<p>The winter issue of <em>Camera Austria International\u2014<\/em>and the works by Johannes Raimann, Maithu B\u00f9i, Akosua Ada-Sanyah as well as by the artist duo Klara K\u00e4llstr\u00f6m &amp; Thobias F\u00e4ldt\u2014takes as its starting point the act of making relations of societal, (auto)biographical, historical, and political nature visible and understandable. The focus here is on different approaches that may originate from photography, yet move beyond photography again and again.<\/p>\n","protected":false},"excerpt":{"rendered":"<p>JOHANNES RAIMANN<br \/>\nSTEFFEN SIEGEL<br \/>\nMAITHU B\u00d9I<br \/>\nLU\u031bU B\u00cdCH NGO\u0323C &amp;\u2028HA\u0309I NAM NGUY\u00ca\u0303N<br \/>\nAKOSUA VIKTORIA ADU-SANYAH<br \/>\nNADINE ISABELLE HENRICH<br \/>\nKLARA K\u00c4LLSTR\u00d6M &amp; THOBIAS F\u00c4LDT<br \/>\nFRANCESCA LAZZARINI<\/p>\n","protected":false},"featured_media":64909,"comment_status":"closed","ping_status":"closed","template":"","meta":{"_acf_changed":false},"product_brand":[],"product_cat":[51],"product_tag":[],"class_list":{"0":"post-64976","1":"product","2":"type-product","3":"status-publish","4":"has-post-thumbnail","6":"product_cat-magazine","8":"first","9":"instock","10":"taxable","11":"shipping-taxable","12":"purchasable","13":"product-type-simple"},"acf":[],"yoast_head":"<!-- This site is optimized with the Yoast SEO plugin v27.4 - https:\/\/yoast.com\/product\/yoast-seo-wordpress\/ -->\n<title>172 | 2025 - Camera Austria<\/title>\n<meta name=\"robots\" content=\"index, follow, max-snippet:-1, max-image-preview:large, max-video-preview:-1\" \/>\n<link rel=\"canonical\" href=\"https:\/\/camera-austria.at\/en\/product\/172-2025\/\" \/>\n<meta property=\"og:locale\" content=\"en_US\" \/>\n<meta property=\"og:type\" content=\"article\" \/>\n<meta property=\"og:title\" content=\"172 | 2025 - Camera Austria\" \/>\n<meta property=\"og:description\" content=\"JOHANNES RAIMANN STEFFEN SIEGEL MAITHU B\u00d9I LU\u031bU B\u00cdCH NGO\u0323C &amp;\u2028HA\u0309I NAM NGUY\u00ca\u0303N AKOSUA VIKTORIA ADU-SANYAH NADINE ISABELLE HENRICH KLARA K\u00c4LLSTR\u00d6M &amp; THOBIAS F\u00c4LDT FRANCESCA LAZZARINI\" \/>\n<meta property=\"og:url\" content=\"https:\/\/camera-austria.at\/en\/product\/172-2025\/\" \/>\n<meta property=\"og:site_name\" content=\"Camera Austria\" \/>\n<meta property=\"article:publisher\" content=\"https:\/\/www.facebook.com\/Camera.Austria\" \/>\n<meta property=\"article:modified_time\" content=\"2026-03-04T11:33:27+00:00\" \/>\n<meta property=\"og:image\" content=\"https:\/\/camera-austria.at\/wp-content\/uploads\/2025\/11\/CAI-172_Cover_HP.jpg\" \/>\n\t<meta property=\"og:image:width\" content=\"174\" \/>\n\t<meta property=\"og:image:height\" content=\"246\" \/>\n\t<meta property=\"og:image:type\" content=\"image\/jpeg\" \/>\n<meta name=\"twitter:card\" content=\"summary_large_image\" \/>\n<script type=\"application\/ld+json\" class=\"yoast-schema-graph\">{\"@context\":\"https:\\\/\\\/schema.org\",\"@graph\":[{\"@type\":\"WebPage\",\"@id\":\"https:\\\/\\\/camera-austria.at\\\/en\\\/product\\\/172-2025\\\/\",\"url\":\"https:\\\/\\\/camera-austria.at\\\/en\\\/product\\\/172-2025\\\/\",\"name\":\"172 | 2025 - Camera Austria\",\"isPartOf\":{\"@id\":\"https:\\\/\\\/camera-austria.at\\\/en\\\/#website\"},\"primaryImageOfPage\":{\"@id\":\"https:\\\/\\\/camera-austria.at\\\/en\\\/product\\\/172-2025\\\/#primaryimage\"},\"image\":{\"@id\":\"https:\\\/\\\/camera-austria.at\\\/en\\\/product\\\/172-2025\\\/#primaryimage\"},\"thumbnailUrl\":\"https:\\\/\\\/camera-austria.at\\\/wp-content\\\/uploads\\\/2025\\\/11\\\/CAI-172_Cover_HP.jpg\",\"datePublished\":\"2025-12-10T13:29:43+00:00\",\"dateModified\":\"2026-03-04T11:33:27+00:00\",\"breadcrumb\":{\"@id\":\"https:\\\/\\\/camera-austria.at\\\/en\\\/product\\\/172-2025\\\/#breadcrumb\"},\"inLanguage\":\"en-US\",\"potentialAction\":[{\"@type\":\"ReadAction\",\"target\":[\"https:\\\/\\\/camera-austria.at\\\/en\\\/product\\\/172-2025\\\/\"]}]},{\"@type\":\"ImageObject\",\"inLanguage\":\"en-US\",\"@id\":\"https:\\\/\\\/camera-austria.at\\\/en\\\/product\\\/172-2025\\\/#primaryimage\",\"url\":\"https:\\\/\\\/camera-austria.at\\\/wp-content\\\/uploads\\\/2025\\\/11\\\/CAI-172_Cover_HP.jpg\",\"contentUrl\":\"https:\\\/\\\/camera-austria.at\\\/wp-content\\\/uploads\\\/2025\\\/11\\\/CAI-172_Cover_HP.jpg\",\"width\":174,\"height\":246,\"caption\":\"Cover:\"},{\"@type\":\"BreadcrumbList\",\"@id\":\"https:\\\/\\\/camera-austria.at\\\/en\\\/product\\\/172-2025\\\/#breadcrumb\",\"itemListElement\":[{\"@type\":\"ListItem\",\"position\":1,\"name\":\"Home\",\"item\":\"https:\\\/\\\/camera-austria.at\\\/en\\\/\"},{\"@type\":\"ListItem\",\"position\":2,\"name\":\"Camera Austria Shop\",\"item\":\"https:\\\/\\\/camera-austria.at\\\/en\\\/shop\\\/\"},{\"@type\":\"ListItem\",\"position\":3,\"name\":\"172 | 2025\"}]},{\"@type\":\"WebSite\",\"@id\":\"https:\\\/\\\/camera-austria.at\\\/en\\\/#website\",\"url\":\"https:\\\/\\\/camera-austria.at\\\/en\\\/\",\"name\":\"Camera Austria\",\"description\":\"\",\"publisher\":{\"@id\":\"https:\\\/\\\/camera-austria.at\\\/en\\\/#organization\"},\"potentialAction\":[{\"@type\":\"SearchAction\",\"target\":{\"@type\":\"EntryPoint\",\"urlTemplate\":\"https:\\\/\\\/camera-austria.at\\\/en\\\/?s={search_term_string}\"},\"query-input\":{\"@type\":\"PropertyValueSpecification\",\"valueRequired\":true,\"valueName\":\"search_term_string\"}}],\"inLanguage\":\"en-US\"},{\"@type\":\"Organization\",\"@id\":\"https:\\\/\\\/camera-austria.at\\\/en\\\/#organization\",\"name\":\"Camera Austria\",\"url\":\"https:\\\/\\\/camera-austria.at\\\/en\\\/\",\"logo\":{\"@type\":\"ImageObject\",\"inLanguage\":\"en-US\",\"@id\":\"https:\\\/\\\/camera-austria.at\\\/en\\\/#\\\/schema\\\/logo\\\/image\\\/\",\"url\":\"https:\\\/\\\/camera-austria.at\\\/wp-content\\\/uploads\\\/2022\\\/02\\\/logo.png\",\"contentUrl\":\"https:\\\/\\\/camera-austria.at\\\/wp-content\\\/uploads\\\/2022\\\/02\\\/logo.png\",\"width\":399,\"height\":59,\"caption\":\"Camera Austria\"},\"image\":{\"@id\":\"https:\\\/\\\/camera-austria.at\\\/en\\\/#\\\/schema\\\/logo\\\/image\\\/\"},\"sameAs\":[\"https:\\\/\\\/www.facebook.com\\\/Camera.Austria\",\"https:\\\/\\\/www.instagram.com\\\/cameraaustriagraz\\\/\"]}]}<\/script>\n<!-- \/ Yoast SEO plugin. -->","yoast_head_json":{"title":"172 | 2025 - Camera Austria","robots":{"index":"index","follow":"follow","max-snippet":"max-snippet:-1","max-image-preview":"max-image-preview:large","max-video-preview":"max-video-preview:-1"},"canonical":"https:\/\/camera-austria.at\/en\/product\/172-2025\/","og_locale":"en_US","og_type":"article","og_title":"172 | 2025 - Camera Austria","og_description":"JOHANNES RAIMANN STEFFEN SIEGEL MAITHU B\u00d9I LU\u031bU B\u00cdCH NGO\u0323C &amp;\u2028HA\u0309I NAM NGUY\u00ca\u0303N AKOSUA VIKTORIA ADU-SANYAH NADINE ISABELLE HENRICH KLARA K\u00c4LLSTR\u00d6M &amp; THOBIAS F\u00c4LDT FRANCESCA LAZZARINI","og_url":"https:\/\/camera-austria.at\/en\/product\/172-2025\/","og_site_name":"Camera Austria","article_publisher":"https:\/\/www.facebook.com\/Camera.Austria","article_modified_time":"2026-03-04T11:33:27+00:00","og_image":[{"width":174,"height":246,"url":"https:\/\/camera-austria.at\/wp-content\/uploads\/2025\/11\/CAI-172_Cover_HP.jpg","type":"image\/jpeg"}],"twitter_card":"summary_large_image","schema":{"@context":"https:\/\/schema.org","@graph":[{"@type":"WebPage","@id":"https:\/\/camera-austria.at\/en\/product\/172-2025\/","url":"https:\/\/camera-austria.at\/en\/product\/172-2025\/","name":"172 | 2025 - Camera Austria","isPartOf":{"@id":"https:\/\/camera-austria.at\/en\/#website"},"primaryImageOfPage":{"@id":"https:\/\/camera-austria.at\/en\/product\/172-2025\/#primaryimage"},"image":{"@id":"https:\/\/camera-austria.at\/en\/product\/172-2025\/#primaryimage"},"thumbnailUrl":"https:\/\/camera-austria.at\/wp-content\/uploads\/2025\/11\/CAI-172_Cover_HP.jpg","datePublished":"2025-12-10T13:29:43+00:00","dateModified":"2026-03-04T11:33:27+00:00","breadcrumb":{"@id":"https:\/\/camera-austria.at\/en\/product\/172-2025\/#breadcrumb"},"inLanguage":"en-US","potentialAction":[{"@type":"ReadAction","target":["https:\/\/camera-austria.at\/en\/product\/172-2025\/"]}]},{"@type":"ImageObject","inLanguage":"en-US","@id":"https:\/\/camera-austria.at\/en\/product\/172-2025\/#primaryimage","url":"https:\/\/camera-austria.at\/wp-content\/uploads\/2025\/11\/CAI-172_Cover_HP.jpg","contentUrl":"https:\/\/camera-austria.at\/wp-content\/uploads\/2025\/11\/CAI-172_Cover_HP.jpg","width":174,"height":246,"caption":"Cover:"},{"@type":"BreadcrumbList","@id":"https:\/\/camera-austria.at\/en\/product\/172-2025\/#breadcrumb","itemListElement":[{"@type":"ListItem","position":1,"name":"Home","item":"https:\/\/camera-austria.at\/en\/"},{"@type":"ListItem","position":2,"name":"Camera Austria Shop","item":"https:\/\/camera-austria.at\/en\/shop\/"},{"@type":"ListItem","position":3,"name":"172 | 2025"}]},{"@type":"WebSite","@id":"https:\/\/camera-austria.at\/en\/#website","url":"https:\/\/camera-austria.at\/en\/","name":"Camera Austria","description":"","publisher":{"@id":"https:\/\/camera-austria.at\/en\/#organization"},"potentialAction":[{"@type":"SearchAction","target":{"@type":"EntryPoint","urlTemplate":"https:\/\/camera-austria.at\/en\/?s={search_term_string}"},"query-input":{"@type":"PropertyValueSpecification","valueRequired":true,"valueName":"search_term_string"}}],"inLanguage":"en-US"},{"@type":"Organization","@id":"https:\/\/camera-austria.at\/en\/#organization","name":"Camera Austria","url":"https:\/\/camera-austria.at\/en\/","logo":{"@type":"ImageObject","inLanguage":"en-US","@id":"https:\/\/camera-austria.at\/en\/#\/schema\/logo\/image\/","url":"https:\/\/camera-austria.at\/wp-content\/uploads\/2022\/02\/logo.png","contentUrl":"https:\/\/camera-austria.at\/wp-content\/uploads\/2022\/02\/logo.png","width":399,"height":59,"caption":"Camera Austria"},"image":{"@id":"https:\/\/camera-austria.at\/en\/#\/schema\/logo\/image\/"},"sameAs":["https:\/\/www.facebook.com\/Camera.Austria","https:\/\/www.instagram.com\/cameraaustriagraz\/"]}]}},"_links":{"self":[{"href":"https:\/\/camera-austria.at\/en\/wp-json\/wp\/v2\/product\/64976","targetHints":{"allow":["GET"]}}],"collection":[{"href":"https:\/\/camera-austria.at\/en\/wp-json\/wp\/v2\/product"}],"about":[{"href":"https:\/\/camera-austria.at\/en\/wp-json\/wp\/v2\/types\/product"}],"replies":[{"embeddable":true,"href":"https:\/\/camera-austria.at\/en\/wp-json\/wp\/v2\/comments?post=64976"}],"wp:featuredmedia":[{"embeddable":true,"href":"https:\/\/camera-austria.at\/en\/wp-json\/wp\/v2\/media\/64909"}],"wp:attachment":[{"href":"https:\/\/camera-austria.at\/en\/wp-json\/wp\/v2\/media?parent=64976"}],"wp:term":[{"taxonomy":"product_brand","embeddable":true,"href":"https:\/\/camera-austria.at\/en\/wp-json\/wp\/v2\/product_brand?post=64976"},{"taxonomy":"product_cat","embeddable":true,"href":"https:\/\/camera-austria.at\/en\/wp-json\/wp\/v2\/product_cat?post=64976"},{"taxonomy":"product_tag","embeddable":true,"href":"https:\/\/camera-austria.at\/en\/wp-json\/wp\/v2\/product_tag?post=64976"}],"curies":[{"name":"wp","href":"https:\/\/api.w.org\/{rel}","templated":true}]}}